{"id":12921,"date":"2026-02-20T10:59:46","date_gmt":"2026-02-20T09:59:46","guid":{"rendered":"https:\/\/politecnics.barcelona\/acreditacion-de-competencias-profesionales-pio\/"},"modified":"2026-02-20T11:52:33","modified_gmt":"2026-02-20T10:52:33","slug":"acreditacion-de-competencias-profesionales-pio","status":"publish","type":"page","link":"https:\/\/politecnics.barcelona\/es\/acreditacion-de-competencias-profesionales-pio\/","title":{"rendered":"Acreditaci\u00f3n de competencias profesionales &#8211; PIO"},"content":{"rendered":"<div class=\"fusion-fullwidth fullwidth-box fusion-builder-row-1 fusion-flex-container nonhundred-percent-fullwidth non-hundred-percent-height-scrolling\" style=\"--awb-border-radius-top-left:0px;--awb-border-radius-top-right:0px;--awb-border-radius-bottom-right:0px;--awb-border-radius-bottom-left:0px;--awb-flex-wrap:wrap;\" ><div class=\"fusion-builder-row fusion-row fusion-flex-align-items-flex-start fusion-flex-content-wrap\" style=\"max-width:1248px;margin-left: calc(-4% \/ 2 );margin-right: calc(-4% \/ 2 );\"><div class=\"fusion-layout-column fusion_builder_column fusion-builder-column-0 fusion_builder_column_1_1 1_1 fusion-flex-column\" style=\"--awb-bg-size:cover;--awb-width-large:100%;--awb-margin-top-large:0px;--awb-spacing-right-large:1.92%;--awb-margin-bottom-large:20px;--awb-spacing-left-large:1.92%;--awb-width-medium:100%;--awb-order-medium:0;--awb-spacing-right-medium:1.92%;--awb-spacing-left-medium:1.92%;--awb-width-small:100%;--awb-order-small:0;--awb-spacing-right-small:1.92%;--awb-spacing-left-small:1.92%;\"><div class=\"fusion-column-wrapper fusion-column-has-shadow fusion-flex-justify-content-flex-start fusion-content-layout-column\"><div class=\"fusion-image-element \" style=\"--awb-caption-title-font-family:var(--h2_typography-font-family);--awb-caption-title-font-weight:var(--h2_typography-font-weight);--awb-caption-title-font-style:var(--h2_typography-font-style);--awb-caption-title-size:var(--h2_typography-font-size);--awb-caption-title-transform:var(--h2_typography-text-transform);--awb-caption-title-line-height:var(--h2_typography-line-height);--awb-caption-title-letter-spacing:var(--h2_typography-letter-spacing);\"><span class=\" fusion-imageframe imageframe-none imageframe-1 hover-type-none\"><img decoding=\"async\" width=\"1821\" height=\"201\" title=\"Banner- Acreditacio 1200&#215;200\" src=\"https:\/\/politecnics.barcelona\/wp-content\/uploads\/Banner-Acreditacio-1200x200-1.png\" alt class=\"img-responsive wp-image-12915\" srcset=\"https:\/\/politecnics.barcelona\/wp-content\/uploads\/Banner-Acreditacio-1200x200-1-200x22.png 200w, https:\/\/politecnics.barcelona\/wp-content\/uploads\/Banner-Acreditacio-1200x200-1-400x44.png 400w, https:\/\/politecnics.barcelona\/wp-content\/uploads\/Banner-Acreditacio-1200x200-1-600x66.png 600w, https:\/\/politecnics.barcelona\/wp-content\/uploads\/Banner-Acreditacio-1200x200-1-800x88.png 800w, https:\/\/politecnics.barcelona\/wp-content\/uploads\/Banner-Acreditacio-1200x200-1-1200x132.png 1200w, https:\/\/politecnics.barcelona\/wp-content\/uploads\/Banner-Acreditacio-1200x200-1.png 1821w\" sizes=\"(max-width: 800px) 100vw, 1200px\" \/><\/span><\/div><\/div><\/div><div class=\"fusion-layout-column fusion_builder_column fusion-builder-column-1 fusion_builder_column_1_6 1_6 fusion-flex-column\" style=\"--awb-bg-size:cover;--awb-width-large:16.666666666667%;--awb-margin-top-large:0px;--awb-spacing-right-large:11.52%;--awb-margin-bottom-large:20px;--awb-spacing-left-large:11.52%;--awb-width-medium:16.666666666667%;--awb-order-medium:0;--awb-spacing-right-medium:11.52%;--awb-spacing-left-medium:11.52%;--awb-width-small:100%;--awb-order-small:0;--awb-spacing-right-small:1.92%;--awb-spacing-left-small:1.92%;\"><div class=\"fusion-column-wrapper fusion-column-has-shadow fusion-flex-justify-content-flex-start fusion-content-layout-column\"><\/div><\/div><div class=\"fusion-layout-column fusion_builder_column fusion-builder-column-2 fusion_builder_column_2_3 2_3 fusion-flex-column\" style=\"--awb-bg-size:cover;--awb-width-large:66.666666666667%;--awb-margin-top-large:0px;--awb-spacing-right-large:2.88%;--awb-margin-bottom-large:20px;--awb-spacing-left-large:2.88%;--awb-width-medium:66.666666666667%;--awb-order-medium:0;--awb-spacing-right-medium:2.88%;--awb-spacing-left-medium:2.88%;--awb-width-small:100%;--awb-order-small:0;--awb-spacing-right-small:1.92%;--awb-spacing-left-small:1.92%;\"><div class=\"fusion-column-wrapper fusion-column-has-shadow fusion-flex-justify-content-flex-start fusion-content-layout-column\"><div class=\"fusion-text fusion-text-1\"><p style=\"font-size: 20px; line-height: 30px;\" data-pm-slice=\"1 1 &#091;&#093;\" data-fusion-font=\"true\">Si tienes experiencia laboral y\/o formaci\u00f3n sin titulaci\u00f3n oficial, la acreditaci\u00f3n de competencias es una buena forma de conseguir que este aprendizaje tenga reconocimiento. Participar en este procedimiento te permitir\u00e1 demostrar lo que sabes hacer y que has aprendido a lo largo de tu vida profesional y obtener una acreditaci\u00f3n oficial. <\/p>\n<p style=\"font-size: 20px; line-height: 30px;\" data-pm-slice=\"1 1 &#091;&#093;\" data-fusion-font=\"true\">La inscripci\u00f3n es gratuita y est\u00e1 abierta durante todo el a\u00f1o.<\/p>\n<p style=\"font-size: 20px; line-height: 30px;\" data-pm-slice=\"1 1 &#091;&#093;\" data-fusion-font=\"true\">Puedes consultar toda la informaci\u00f3n oficial sobre el procedimiento de acreditaci\u00f3n de competencias en la web <i><a href=\"https:\/\/fp.gencat.cat\/ca\/acreditacio\/em-vull-acreditar\/index.html\" target=\"_blank\" rel=\"noopener noreferrer\">Quiero acreditarme<\/a><\/i> de la Agencia P\u00fablica de Formaci\u00f3n y Cualificaci\u00f3n Profesionales de Catalu\u00f1a.<\/p>\n<p data-pm-slice=\"1 1 &#091;&#093;\"><span style=\"font-size: 20px; line-height: 30px;\" data-fusion-font=\"true\">Como Punto de Informaci\u00f3n y orientaci\u00f3n del servicio de Acreditaci\u00f3n de competencias profesionales, podemos explicarte los requisitos y las fases del proceso, as\u00ed como ofrecerte apoyo en la inscripci\u00f3n telem\u00e1tica. Puedes contactarnos enviando un correo electr\u00f3nico a info@politecnis.barcelona. <\/span><\/p>\n<\/div><div style=\"text-align:center;\"><a class=\"fusion-button button-flat fusion-button-default-size button-default fusion-button-default button-1 fusion-button-default-span fusion-button-default-type\" target=\"_self\" href=\"https:\/\/fp.gencat.cat\/ca\/acreditacio\/em-vull-acreditar\/index.html\"><span class=\"fusion-button-text\">\u00a1Quiero acreditarme!<\/span><\/a><\/div><\/div><\/div><div class=\"fusion-layout-column fusion_builder_column fusion-builder-column-3 fusion_builder_column_1_6 1_6 fusion-flex-column\" style=\"--awb-bg-size:cover;--awb-width-large:16.666666666667%;--awb-margin-top-large:0px;--awb-spacing-right-large:11.52%;--awb-margin-bottom-large:20px;--awb-spacing-left-large:11.52%;--awb-width-medium:16.666666666667%;--awb-order-medium:0;--awb-spacing-right-medium:11.52%;--awb-spacing-left-medium:11.52%;--awb-width-small:100%;--awb-order-small:0;--awb-spacing-right-small:1.92%;--awb-spacing-left-small:1.92%;\"><div class=\"fusion-column-wrapper fusion-column-has-shadow fusion-flex-justify-content-flex-start fusion-content-layout-column\"><\/div><\/div><div class=\"fusion-layout-column fusion_builder_column fusion-builder-column-4 fusion_builder_column_1_6 1_6 fusion-flex-column\" style=\"--awb-bg-size:cover;--awb-width-large:16.666666666667%;--awb-margin-top-large:0px;--awb-spacing-right-large:11.52%;--awb-margin-bottom-large:20px;--awb-spacing-left-large:11.52%;--awb-width-medium:16.666666666667%;--awb-order-medium:0;--awb-spacing-right-medium:11.52%;--awb-spacing-left-medium:11.52%;--awb-width-small:100%;--awb-order-small:0;--awb-spacing-right-small:1.92%;--awb-spacing-left-small:1.92%;\"><div class=\"fusion-column-wrapper fusion-column-has-shadow fusion-flex-justify-content-flex-start fusion-content-layout-column\"><\/div><\/div><div class=\"fusion-layout-column fusion_builder_column fusion-builder-column-5 fusion_builder_column_2_3 2_3 fusion-flex-column\" style=\"--awb-bg-size:cover;--awb-width-large:66.666666666667%;--awb-margin-top-large:0px;--awb-spacing-right-large:2.88%;--awb-margin-bottom-large:20px;--awb-spacing-left-large:2.88%;--awb-width-medium:66.666666666667%;--awb-order-medium:0;--awb-spacing-right-medium:2.88%;--awb-spacing-left-medium:2.88%;--awb-width-small:100%;--awb-order-small:0;--awb-spacing-right-small:1.92%;--awb-spacing-left-small:1.92%;\"><div class=\"fusion-column-wrapper fusion-column-has-shadow fusion-flex-justify-content-flex-start fusion-content-layout-column\"><div class=\"fusion-image-element \" style=\"--awb-caption-title-font-family:var(--h2_typography-font-family);--awb-caption-title-font-weight:var(--h2_typography-font-weight);--awb-caption-title-font-style:var(--h2_typography-font-style);--awb-caption-title-size:var(--h2_typography-font-size);--awb-caption-title-transform:var(--h2_typography-text-transform);--awb-caption-title-line-height:var(--h2_typography-line-height);--awb-caption-title-letter-spacing:var(--h2_typography-letter-spacing);\"><span class=\" fusion-imageframe imageframe-none imageframe-2 hover-type-none\"><img decoding=\"async\" width=\"776\" height=\"451\" title=\"Banner- Acreditacio 775&#215;450 t\" src=\"https:\/\/politecnics.barcelona\/wp-content\/uploads\/Banner-Acreditacio-775x450-t.png\" alt class=\"img-responsive wp-image-12917\" srcset=\"https:\/\/politecnics.barcelona\/wp-content\/uploads\/Banner-Acreditacio-775x450-t-200x116.png 200w, https:\/\/politecnics.barcelona\/wp-content\/uploads\/Banner-Acreditacio-775x450-t-400x232.png 400w, https:\/\/politecnics.barcelona\/wp-content\/uploads\/Banner-Acreditacio-775x450-t-600x349.png 600w, https:\/\/politecnics.barcelona\/wp-content\/uploads\/Banner-Acreditacio-775x450-t.png 776w\" sizes=\"(max-width: 800px) 100vw, 776px\" \/><\/span><\/div><\/div><\/div><div class=\"fusion-layout-column fusion_builder_column fusion-builder-column-6 fusion_builder_column_1_6 1_6 fusion-flex-column\" style=\"--awb-bg-size:cover;--awb-width-large:16.666666666667%;--awb-margin-top-large:0px;--awb-spacing-right-large:11.52%;--awb-margin-bottom-large:20px;--awb-spacing-left-large:11.52%;--awb-width-medium:16.666666666667%;--awb-order-medium:0;--awb-spacing-right-medium:11.52%;--awb-spacing-left-medium:11.52%;--awb-width-small:100%;--awb-order-small:0;--awb-spacing-right-small:1.92%;--awb-spacing-left-small:1.92%;\"><div class=\"fusion-column-wrapper fusion-column-has-shadow fusion-flex-justify-content-flex-start fusion-content-layout-column\"><\/div><\/div><\/div><\/div>\n","protected":false},"excerpt":{"rendered":"","protected":false},"author":2,"featured_media":0,"parent":0,"menu_order":0,"comment_status":"closed","ping_status":"closed","template":"","meta":{"_monsterinsights_skip_tracking":false,"_monsterinsights_sitenote_active":false,"_monsterinsights_sitenote_note":"","_monsterinsights_sitenote_category":0,"footnotes":""},"_links":{"self":[{"href":"https:\/\/politecnics.barcelona\/es\/wp-json\/wp\/v2\/pages\/12921"}],"collection":[{"href":"https:\/\/politecnics.barcelona\/es\/wp-json\/wp\/v2\/pages"}],"about":[{"href":"https:\/\/politecnics.barcelona\/es\/wp-json\/wp\/v2\/types\/page"}],"author":[{"embeddable":true,"href":"https:\/\/politecnics.barcelona\/es\/wp-json\/wp\/v2\/users\/2"}],"replies":[{"embeddable":true,"href":"https:\/\/politecnics.barcelona\/es\/wp-json\/wp\/v2\/comments?post=12921"}],"version-history":[{"count":2,"href":"https:\/\/politecnics.barcelona\/es\/wp-json\/wp\/v2\/pages\/12921\/revisions"}],"predecessor-version":[{"id":12923,"href":"https:\/\/politecnics.barcelona\/es\/wp-json\/wp\/v2\/pages\/12921\/revisions\/12923"}],"wp:attachment":[{"href":"https:\/\/politecnics.barcelona\/es\/wp-json\/wp\/v2\/media?parent=12921"}],"curies":[{"name":"wp","href":"https:\/\/api.w.org\/{rel}","templated":true}]}}