{"id":5714,"date":"2021-10-08T10:35:25","date_gmt":"2021-10-08T08:35:25","guid":{"rendered":"https:\/\/politecnics.barcelona\/formacion-ocupacional\/adgd0308-actividades-de-gestion-administrativa\/"},"modified":"2024-12-17T18:59:03","modified_gmt":"2024-12-17T17:59:03","slug":"adgd0308-actividades-de-gestion-administrativa","status":"publish","type":"page","link":"https:\/\/politecnics.barcelona\/es\/formacion-ocupacional\/adgd0308-actividades-de-gestion-administrativa\/","title":{"rendered":"ADGD0308 &#8211; Actividades de gesti\u00f3n administrativa"},"content":{"rendered":"<p><div class=\"fusion-fullwidth fullwidth-box fusion-builder-row-1 fusion-flex-container ico-especialitats nonhundred-percent-fullwidth non-hundred-percent-height-scrolling\" style=\"--awb-border-radius-top-left:0px;--awb-border-radius-top-right:0px;--awb-border-radius-bottom-right:0px;--awb-border-radius-bottom-left:0px;--awb-margin-top:30px;--awb-margin-bottom:80px;--awb-flex-wrap:wrap;\" ><div class=\"fusion-builder-row fusion-row fusion-flex-align-items-flex-start fusion-flex-content-wrap\" style=\"max-width:1248px;margin-left: calc(-4% \/ 2 );margin-right: calc(-4% \/ 2 );\"><div class=\"fusion-layout-column fusion_builder_column fusion-builder-column-0 fusion_builder_column_1_4 1_4 fusion-flex-column\" style=\"--awb-bg-size:cover;--awb-width-large:25%;--awb-margin-top-large:0px;--awb-spacing-right-large:7.68%;--awb-margin-bottom-large:20px;--awb-spacing-left-large:7.68%;--awb-width-medium:25%;--awb-order-medium:0;--awb-spacing-right-medium:7.68%;--awb-spacing-left-medium:7.68%;--awb-width-small:100%;--awb-order-small:0;--awb-spacing-right-small:1.92%;--awb-spacing-left-small:1.92%;\"><div class=\"fusion-column-wrapper fusion-column-has-shadow fusion-flex-justify-content-flex-start fusion-content-layout-column\"><div class=\"fusion-title title fusion-title-1 fusion-sep-none fusion-title-center fusion-title-text fusion-title-size-four\"><h4 class=\"fusion-title-heading title-heading-center fusion-responsive-typography-calculated\" style=\"margin:0;--fontSize:25;--minFontSize:25;line-height:1.2;\"><i class=\"fa fa-hourglass-half\" aria-hidden=\"true\"><\/i><br \/>\n<strong>DURACI\u00d3N<\/strong><\/h4><\/div>\n<div class=\"fusion-text fusion-text-1\" style=\"--awb-content-alignment:center;\"><p>920h<\/p>\n<\/div><\/div><\/div><div class=\"fusion-layout-column fusion_builder_column fusion-builder-column-1 fusion_builder_column_1_4 1_4 fusion-flex-column\" style=\"--awb-bg-size:cover;--awb-width-large:25%;--awb-margin-top-large:0px;--awb-spacing-right-large:7.68%;--awb-margin-bottom-large:20px;--awb-spacing-left-large:7.68%;--awb-width-medium:25%;--awb-order-medium:0;--awb-spacing-right-medium:7.68%;--awb-spacing-left-medium:7.68%;--awb-width-small:100%;--awb-order-small:0;--awb-spacing-right-small:1.92%;--awb-spacing-left-small:1.92%;\"><div class=\"fusion-column-wrapper fusion-column-has-shadow fusion-flex-justify-content-flex-start fusion-content-layout-column\"><div class=\"fusion-title title fusion-title-2 fusion-sep-none fusion-title-center fusion-title-text fusion-title-size-four\"><h4 class=\"fusion-title-heading title-heading-center fusion-responsive-typography-calculated\" style=\"margin:0;--fontSize:25;--minFontSize:25;line-height:1.2;\"><i class=\"fa fa-calendar-check\" aria-hidden=\"true\"><\/i><br \/>\n<strong>FECHA INICIO<\/strong><\/h4><\/div>\n<div class=\"fusion-text fusion-text-2\" style=\"--awb-content-alignment:center;--awb-text-color:#000000;\"><p>Pendiente<\/p>\n<\/div><\/div><\/div><div class=\"fusion-layout-column fusion_builder_column fusion-builder-column-2 fusion_builder_column_1_4 1_4 fusion-flex-column\" style=\"--awb-bg-size:cover;--awb-width-large:25%;--awb-margin-top-large:0px;--awb-spacing-right-large:7.68%;--awb-margin-bottom-large:20px;--awb-spacing-left-large:7.68%;--awb-width-medium:25%;--awb-order-medium:0;--awb-spacing-right-medium:7.68%;--awb-spacing-left-medium:7.68%;--awb-width-small:100%;--awb-order-small:0;--awb-spacing-right-small:1.92%;--awb-spacing-left-small:1.92%;\"><div class=\"fusion-column-wrapper fusion-column-has-shadow fusion-flex-justify-content-flex-start fusion-content-layout-column\"><div class=\"fusion-title title fusion-title-3 fusion-sep-none fusion-title-center fusion-title-text fusion-title-size-four\"><h4 class=\"fusion-title-heading title-heading-center fusion-responsive-typography-calculated\" style=\"margin:0;--fontSize:25;--minFontSize:25;line-height:1.2;\"><i class=\"fa fa-calendar-times\" aria-hidden=\"true\"><\/i><br \/>\n<strong>FECHA FINALIZACI\u00d3N<\/strong><\/h4><\/div>\n<div class=\"fusion-text fusion-text-3\" style=\"--awb-content-alignment:center;\"><p>Pendiente<\/p>\n<\/div><\/div><\/div><div class=\"fusion-layout-column fusion_builder_column fusion-builder-column-3 fusion_builder_column_1_4 1_4 fusion-flex-column\" style=\"--awb-bg-size:cover;--awb-width-large:25%;--awb-margin-top-large:0px;--awb-spacing-right-large:7.68%;--awb-margin-bottom-large:20px;--awb-spacing-left-large:7.68%;--awb-width-medium:25%;--awb-order-medium:0;--awb-spacing-right-medium:7.68%;--awb-spacing-left-medium:7.68%;--awb-width-small:100%;--awb-order-small:0;--awb-spacing-right-small:1.92%;--awb-spacing-left-small:1.92%;\"><div class=\"fusion-column-wrapper fusion-column-has-shadow fusion-flex-justify-content-flex-start fusion-content-layout-column\"><div class=\"fusion-title title fusion-title-4 fusion-sep-none fusion-title-center fusion-title-text fusion-title-size-four\"><h4 class=\"fusion-title-heading title-heading-center fusion-responsive-typography-calculated\" style=\"margin:0;--fontSize:25;--minFontSize:25;line-height:1.2;\"><i class=\"fa fa-clock\" aria-hidden=\"true\"><\/i><br \/>\n<strong>HORARIO<\/strong><\/h4><\/div>\n<div class=\"fusion-text fusion-text-4\" style=\"--awb-content-alignment:center;\"><p>Pendiente<\/p>\n<\/div><\/div><\/div><\/div><\/div><div class=\"fusion-fullwidth fullwidth-box fusion-builder-row-2 fusion-flex-container nonhundred-percent-fullwidth non-hundred-percent-height-scrolling\" style=\"--awb-border-radius-top-left:0px;--awb-border-radius-top-right:0px;--awb-border-radius-bottom-right:0px;--awb-border-radius-bottom-left:0px;--awb-flex-wrap:wrap;\" ><div class=\"fusion-builder-row fusion-row fusion-flex-align-items-stretch fusion-flex-content-wrap\" style=\"max-width:1248px;margin-left: calc(-4% \/ 2 );margin-right: calc(-4% \/ 2 );\"><div class=\"fusion-layout-column fusion_builder_column fusion-builder-column-4 fusion_builder_column_1_3 1_3 fusion-flex-column\" style=\"--awb-padding-right:40px;--awb-bg-size:cover;--awb-border-color:#0089ff;--awb-border-right:2px;--awb-border-style:dotted;--awb-width-large:33.333333333333%;--awb-margin-top-large:0px;--awb-spacing-right-large:5.76%;--awb-margin-bottom-large:20px;--awb-spacing-left-large:5.76%;--awb-width-medium:33.333333333333%;--awb-order-medium:0;--awb-spacing-right-medium:5.76%;--awb-spacing-left-medium:5.76%;--awb-width-small:100%;--awb-order-small:0;--awb-spacing-right-small:1.92%;--awb-spacing-left-small:1.92%;\"><div class=\"fusion-column-wrapper fusion-column-has-shadow fusion-flex-justify-content-flex-start fusion-content-layout-column\"><div class=\"fusion-title title fusion-title-5 fusion-sep-none fusion-title-text fusion-title-size-two\" style=\"--awb-text-color:#0089ff;--awb-margin-top:0px;\"><h2 class=\"fusion-title-heading title-heading-right fusion-responsive-typography-calculated\" style=\"margin:0;--fontSize:40;line-height:1.2;\">Relaci\u00f3n de m\u00f3dulos formativos y de unidades formativas<\/h2><\/div><\/div><\/div>\n<div class=\"fusion-layout-column fusion_builder_column fusion-builder-column-5 fusion_builder_column_2_3 2_3 fusion-flex-column\" style=\"--awb-bg-size:cover;--awb-border-color:#0089ff;--awb-border-style:dotted;--awb-width-large:66.666666666667%;--awb-margin-top-large:0px;--awb-spacing-right-large:2.88%;--awb-margin-bottom-large:20px;--awb-spacing-left-large:2.88%;--awb-width-medium:66.666666666667%;--awb-order-medium:0;--awb-spacing-right-medium:2.88%;--awb-spacing-left-medium:2.88%;--awb-width-small:100%;--awb-order-small:0;--awb-spacing-right-small:1.92%;--awb-spacing-left-small:1.92%;\"><div class=\"fusion-column-wrapper fusion-column-has-shadow fusion-flex-justify-content-flex-start fusion-content-layout-column\"><div class=\"fusion-text fusion-text-5\"><p><b>MF0976_2: (Transversal) Operaciones administrativas comerciales (160 horas). <\/b><\/p>\n<ul>\n<li>UF0349: Atenci\u00f3n al cliente en el proceso comercial (40 horas).<\/li>\n<li>UF0350: Gesti\u00f3n administrativa del proceso comercial (80 horas).<\/li>\n<li>UF0351: Aplicaciones inform\u00e1ticas de la gesti\u00f3n comercial (40 horas).<\/li>\n<\/ul>\n<p><b>MF0979_2: (Transversal) Gesti\u00f3n operativa de tesorer\u00eda (90 horas). <\/b><\/p>\n<p><b>MF0980_2: (Transversal) Gesti\u00f3n auxiliar de personal (90 horas). <\/b><\/p>\n<p><b>MF0981_2: Registros contables (120 horas). <\/b><\/p>\n<ul>\n<li>UF0515: Plan General de Contabilidad (90 horas).<\/li>\n<li>UF0516: Aplicaciones inform\u00e1ticas de contabilidad (30 horas).<\/li>\n<\/ul>\n<p><b>MF0973_1: (Transversal) Grabaci\u00f3n de datos (90 horas). <\/b><\/p>\n<p><b>MF0978_2: (Transversal) Gesti\u00f3n de archivos (60 horas). <\/b><\/p>\n<p><b>MF0233_2: (Transversal) Ofim\u00e1tica (190 horas). <\/b><\/p>\n<ul>\n<li>UF0319: Sistema operativo, b\u00fasqueda de la informaci\u00f3n: Internet\/intranet y correo electr\u00f3nico (30 horas).<\/li>\n<li>UF0320: Aplicaciones inform\u00e1ticas de tratamiento de textos (30 horas).<\/li>\n<li>UF0321: Aplicaciones inform\u00e1ticas de hojas de c\u00e1lculo (50 horas).<\/li>\n<li>UF0322: Aplicaciones inform\u00e1ticas de bases de datos relacionales (50 horas).<\/li>\n<li>UF0323: Aplicaciones inform\u00e1ticas para presentaciones: gr\u00e1ficos de informaci\u00f3n (30 horas).<\/li>\n<\/ul>\n<p><b>M\u00f3dulo formaci\u00f3n complementaria (40 horas)<\/b><\/p>\n<p><b>MP0111: M\u00f3dulo de pr\u00e1cticas profesionales no laborales de actividades de gesti\u00f3n administrativa (80 horas).<\/b><\/p>\n<\/div><\/div><\/div><div class=\"fusion-layout-column fusion_builder_column fusion-builder-column-6 fusion_builder_column_1_1 1_1 fusion-flex-column\" style=\"--awb-bg-size:cover;--awb-width-large:100%;--awb-margin-top-large:40px;--awb-spacing-right-large:1.92%;--awb-margin-bottom-large:40px;--awb-spacing-left-large:1.92%;--awb-width-medium:100%;--awb-order-medium:0;--awb-spacing-right-medium:1.92%;--awb-spacing-left-medium:1.92%;--awb-width-small:100%;--awb-order-small:0;--awb-spacing-right-small:1.92%;--awb-spacing-left-small:1.92%;\"><div class=\"fusion-column-wrapper fusion-column-has-shadow fusion-flex-justify-content-flex-start fusion-content-layout-column\"><div class=\"fusion-title title fusion-title-6 fusion-sep-none fusion-title-center fusion-title-text fusion-title-size-three\" style=\"--awb-text-color:#0089ff;\"><h3 class=\"fusion-title-heading title-heading-center fusion-responsive-typography-calculated\" style=\"margin:0;--fontSize:30;line-height:1.2;\"><strong>Titulaci\u00f3n de acceso al Certificado Profesional de nivel 2<\/strong><br \/> (se debe cumplir alguna de las siguientes)<\/h3><\/div>\n<div class=\"table-1\">\n<table width=\"100%\">\n<thead>\n<tr>\n<th align=\"left\"><b>Requisito<\/b><\/th>\n<th align=\"left\"><b>Documento que lo acredita<\/b><\/th>\n<\/tr>\n<\/thead>\n<tbody>\n<tr>\n<td align=\"left\">T\u00edtulo en graduado en ESO.<\/td>\n<td align=\"left\">Fotocopia compulsada del t\u00edtulo.<\/td>\n<\/tr>\n<tr>\n<td align=\"left\">Certificado Profesional del mismo nivel del m\u00f3dulo o Certificado Profesional al que se desea acceder<\/td>\n<td align=\"left\">.<\/td>\n<\/tr>\n<tr>Certificado Profesional de nivel <\/p>\n<td align=\"left\">1<\/td>\n<td align=\"left\">de la misma familia y \u00e1rea profesional al que se desea acceder.<\/td>\n<\/tr>\n<tr>\n<td align=\"left\">Haber superado la prueba de acceso a ciclos formativos de grado medio.<\/td>\n<td align=\"left\">Certificado de superaci\u00f3n de la prueba (firmado y sellado por el centro donde se realiz\u00f3 la prueba).<\/td>\n<\/tr>\n<tr>\n<td align=\"left\">Cumplir con los requisitos acad\u00e9micos de acceso a los ciclos formativos de grado medio.<\/td>\n<td align=\"left\">Fotocopia del t\u00edtulo o formaci\u00f3n acad\u00e9mica correspondiente.<\/td>\n<\/tr>\n<tr>\n<td align=\"left\">Prueba de acceso a la Universidad para mayores de 25 a\u00f1os y\/o 45 a\u00f1os.<\/td>\n<td align=\"left\">Certificado de superaci\u00f3n de la prueba (firmado y sellado por el centro donde se realiz\u00f3 la prueba).<\/td>\n<\/tr>\n<\/tbody>\n<\/table>\n<\/div>\n<\/div><\/div><\/div><\/div><\/p>\n","protected":false},"excerpt":{"rendered":"","protected":false},"author":1,"featured_media":0,"parent":5687,"menu_order":0,"comment_status":"closed","ping_status":"closed","template":"","meta":{"_monsterinsights_skip_tracking":false,"_monsterinsights_sitenote_active":false,"_monsterinsights_sitenote_note":"","_monsterinsights_sitenote_category":0,"footnotes":""},"_links":{"self":[{"href":"https:\/\/politecnics.barcelona\/es\/wp-json\/wp\/v2\/pages\/5714"}],"collection":[{"href":"https:\/\/politecnics.barcelona\/es\/wp-json\/wp\/v2\/pages"}],"about":[{"href":"https:\/\/politecnics.barcelona\/es\/wp-json\/wp\/v2\/types\/page"}],"author":[{"embeddable":true,"href":"https:\/\/politecnics.barcelona\/es\/wp-json\/wp\/v2\/users\/1"}],"replies":[{"embeddable":true,"href":"https:\/\/politecnics.barcelona\/es\/wp-json\/wp\/v2\/comments?post=5714"}],"version-history":[{"count":12,"href":"https:\/\/politecnics.barcelona\/es\/wp-json\/wp\/v2\/pages\/5714\/revisions"}],"predecessor-version":[{"id":10327,"href":"https:\/\/politecnics.barcelona\/es\/wp-json\/wp\/v2\/pages\/5714\/revisions\/10327"}],"up":[{"embeddable":true,"href":"https:\/\/politecnics.barcelona\/es\/wp-json\/wp\/v2\/pages\/5687"}],"wp:attachment":[{"href":"https:\/\/politecnics.barcelona\/es\/wp-json\/wp\/v2\/media?parent=5714"}],"curies":[{"name":"wp","href":"https:\/\/api.w.org\/{rel}","templated":true}]}}