{"id":5742,"date":"2021-03-30T16:35:00","date_gmt":"2021-03-30T14:35:00","guid":{"rendered":"https:\/\/politecnics.barcelona\/politica-de-privacidad-en-redes-sociales\/"},"modified":"2022-07-14T15:06:27","modified_gmt":"2022-07-14T13:06:27","slug":"politica-de-privacidad-en-redes-sociales","status":"publish","type":"page","link":"https:\/\/politecnics.barcelona\/es\/politica-de-privacidad-en-redes-sociales\/","title":{"rendered":"Pol\u00edtica de privacidad en redes sociales"},"content":{"rendered":"<h3>1. <strong>INFORMACI\u00d3N AL USUARIO<\/strong><\/h3>\n<p><strong>\u00bfQui\u00e9n es el responsable del tratamiento de tus datos personales?<\/strong><\/p>\n<p>CENTRE D\u2019ESTUDIS POLIT\u00c8CNICS, SL, en adelante, el RESPONSABLE, informa al USUARIO que ha procedido a crear un perfil en las redes sociales Facebook, Instagram, Twitter, LinkedIn, Youtube, Vimeo y Google+, que es el responsable del tratamiento de los datos personales del usuario que se lleve a cabo en estas redes sociales y le informa que estos datos se tratar\u00e1n de conformidad con lo dispuesto en el Reglamento (UE) 2016\/679, de 27 de abril (GDPR) , y la Ley Org\u00e1nica 3\/2018, de 5 de diciembre (LOPDGDD), por lo que se le facilita la siguiente informaci\u00f3n del tratamiento:<\/p>\n<p><strong>\u00bfPor qu\u00e9 tratamos tus datos personales?<\/strong><\/p>\n<p>Finalidad del tratamiento: mantener una relaci\u00f3n entre el USUARIO y el RESPONSABLE que puede incluir las siguientes operaciones:<\/p>\n<ul>\n<li>Tramitar solicitudes y consultas planteadas al responsable.<\/li>\n<li>Informar sobre actividades y eventos organizados por el responsable.<\/li>\n<li>Informar sobre productos o servicios ofrecidos por el responsable.<\/li>\n<li>Interactuar a trav\u00e9s de perfiles oficiales.<\/li>\n<\/ul>\n<p><strong>\u00bfPor qu\u00e9 podemos tratar tus datos personales?<\/strong><\/p>\n<p>Base jur\u00eddica del tratamiento: art\u00edculo 6.1.a GDPR, el interesado ha dado su consentimiento para el tratamiento de sus datos personales para una o varias finalidades espec\u00edficas. El usuario dispone de un perfil en la misma red social y ha decidido unirse a la red social del RESPONSABLE, mostrando inter\u00e9s en la informaci\u00f3n que se publique, por tanto, a la hora de solicitar seguir nuestros perfiles oficiales nos facilita el consentimiento para el tratamiento de los datos personales publicados en su perfil.<\/p>\n<p>El USUARIO puede acceder en cualquier momento a las pol\u00edticas de privacidad de la misma red social, y configurar su perfil para garantizar su privacidad.<\/p>\n<p>El RESPONSABLE tiene acceso y trata la informaci\u00f3n p\u00fablica del USUARIO, en especial, su nombre de contacto. Estos datos s\u00f3lo se utilizan dentro de la propia red social \u00fanicamente se incorporar\u00e1n a un fichero de RESPONSABLE cuando sea necesario para tramitar la solicitud del USUARIO.<\/p>\n<p><strong>\u00bfDurante cu\u00e1nto tiempo guardaremos tus datos personales?<\/strong><\/p>\n<p>Criterios de conservaci\u00f3n de los datos: se conservar\u00e1n mientras el USUARIO no revoque el consentimiento prestado tal y como se indica en esta pol\u00edtica de privacidad.<\/p>\n<p><strong>\u00bfA qui\u00e9n facilitamos tus datos personales?<\/strong><\/p>\n<p>Comunicaci\u00f3n de los datos: la informaci\u00f3n facilitada por el usuario a trav\u00e9s de las redes sociales del RESPONSABLE, incluidos sus datos personales, puede ser publicada, siempre en funci\u00f3n de los servicios que el USUARIO utilice, de forma que podr\u00e1 quedar a disposici\u00f3n p\u00fablica de otros terceros usuarios de las redes sociales. Desde el perfil de cada red social, el USUARIO puede configurar la informaci\u00f3n que quiera hacer p\u00fablica en cada caso, ver los permisos concedidos, eliminarlos o desactivarlos, como cualquier aplicaci\u00f3n de un tercero que ya no se quiera utilizar.<\/p>\n<p>No est\u00e1 prevista ninguna comunicaci\u00f3n de datos personales a terceros fuera de la red social salvo, si fuera imprescindible para el desarrollo y ejecuci\u00f3n de los fines del tratamiento, a nuestros proveedores de servicios relacionados con comunicaciones, con los que el RESPONSABLE ha formalizado los contratos de confidencialidad y encargado de tratamiento exigidos por la normativa vigente de privacidad.<\/p>\n<p><strong>\u00bfCu\u00e1les son tus derechos?<\/strong><\/p>\n<p><strong>Derechos que tiene el usuario:<\/strong> s\u00f3lo podr\u00e1n ejercerse en relaci\u00f3n a la informaci\u00f3n que se encuentre bajo el control del RESPONSABLE.<\/p>\n<ul>\n<li>Derecho a retirar su consentimiento en cualquier momento.<\/li>\n<li>Derecho de acceso, rectificaci\u00f3n, portabilidad y supresi\u00f3n de sus datos y de limitaci\u00f3n u oposici\u00f3n a su tratamiento.<\/li>\n<li>Derecho a presentar reclamaci\u00f3n ante la autoridad de control (www.aepd.es) si considera que el tratamiento no se ajusta a la normativa vigente.<\/li>\n<\/ul>\n<p><strong>Datos de contacto para ejercer sus derechos:<\/strong> CENTRE D\u2019ESTUDIS POLIT\u00c8CNICS, SL. Plaza Urquinaona, 10 &#8211; 08010 Barcelona (Barcelona). E-mail: <a href=\"mailto:administracio@politecnics.barcelona\">administracio@politecnics.barcelona<\/a><br \/>\nDatos de contacto del delegado de protecci\u00f3n de datos: <a href=\"mailto:dpo@adhocasesoreslegales.com\">dpo@adhocasesoreslegales.com<\/a><\/p>\n<h3>2. USO DEL PERFIL<\/h3>\n<p>El RESPONSABLE realizar\u00e1 las siguientes acciones:<\/p>\n<ul>\n<li>Acceso a la informaci\u00f3n p\u00fablica del perfil.<\/li>\n<li>Publicaci\u00f3n en el perfil del USUARIO de toda aquella informaci\u00f3n ya publicada en la red social del RESPONSABLE.<\/li>\n<li>Enviar mensajes personales e individuales a trav\u00e9s de los canales de la red social.<\/li>\n<li>Actualizaciones del estado de la p\u00e1gina que se publicar\u00e1n en el perfil del USUARIO.<\/li>\n<\/ul>\n<p>El USUARIO siempre puede controlar sus conexiones, eliminar los contenidos que dejen de interesarle y restringir con quien comparte sus conexiones; por eso deber\u00e1 acceder a su configuraci\u00f3n de privacidad.<\/p>\n<h3>3. PUBLICACIONES<\/h3>\n<p>El USUARIO, una vez sea seguidor o se haya unido a la red social del RESPONSABLE, podr\u00e1 publicar comentarios, enlaces, im\u00e1genes, fotograf\u00edas o cualquier otro tipo de contenido multimedia admitido por la red. El USUARIO, en todos los casos, debe ser el titular del contenido publicado, gozar de los derechos de autor y de propiedad intelectual o contar con el consentimiento de los terceros afectados.<\/p>\n<p>Queda expresamente prohibida cualquier publicaci\u00f3n en la red social, ya sean textos, gr\u00e1ficos, fotograf\u00edas, v\u00eddeos, etc. que atenten o sean susceptibles de atentar contra la moral, la \u00e9tica, el buen gusto o el decoro, y\/o que infrinjan o violen los derechos de propiedad intelectual o industrial, el derecho a la imagen o la ley.<\/p>\n<p>En estos casos, el RESPONSABLE se reserva el derecho a retirar inmediatamente el contenido, sin comunicaci\u00f3n previa, pudiendo solicitar el bloqueo permanente del USUARIO.<\/p>\n<p>El RESPONSABLE no se har\u00e1 responsable de los contenidos que ha publicado libremente un USUARIO.<\/p>\n<p>El USUARIO debe tener presente que sus publicaciones ser\u00e1n visualizadas por los dem\u00e1s usuarios, por lo que \u00e9l mismo es el principal responsable de su privacidad.<\/p>\n<p>Las im\u00e1genes que puedan publicarse en la red social no se almacenar\u00e1n en ning\u00fan archivo por parte del RESPONSABLE, pero s\u00ed permanecer\u00e1n en la red social.<\/p>\n<h3>4. DATOS DE MENORES DE EDAD O PERSONAS CON CAPACIDADES ESPECIALES<\/h3>\n<p>Se proh\u00edbe a los menores de 18 a\u00f1os acceder y registrarse en las redes sociales del RESPONSABLE. Por su parte, si el USUARIO tiene capacidades especiales, ser\u00e1 necesaria la intervenci\u00f3n del titular de su patria potestad o tutela, o de su representante legal mediante documento v\u00e1lido que acredite la representaci\u00f3n.<\/p>\n<p>El RESPONSABLE queda expresamente exonerado de cualquier responsabilidad que pudiera derivarse del uso de las redes sociales por parte de menores o personas con capacidades especiales. Las redes sociales del RESPONSABLE no recogen conscientemente ninguna informaci\u00f3n personal de menores de edad, por eso, si el USUARIO es menor de edad, no debe registrarse, ni utilizar las redes sociales del RESPONSABLE ni tampoco proporcionar ninguna informaci\u00f3n personal .<\/p>\n","protected":false},"excerpt":{"rendered":"<p>1. INFORMACI\u00d3N AL USUARIO \u00bfQui\u00e9n es el responsable del tratamiento de tus datos personales? CENTRE D\u2019ESTUDIS POLIT\u00c8CNICS, SL, en adelante, el RESPONSABLE, informa al USUARIO que ha procedido a crear [&hellip;]<\/p>\n","protected":false},"author":1,"featured_media":0,"parent":0,"menu_order":0,"comment_status":"closed","ping_status":"closed","template":"","meta":{"_monsterinsights_skip_tracking":false,"_monsterinsights_sitenote_active":false,"_monsterinsights_sitenote_note":"","_monsterinsights_sitenote_category":0,"footnotes":""},"_links":{"self":[{"href":"https:\/\/politecnics.barcelona\/es\/wp-json\/wp\/v2\/pages\/5742"}],"collection":[{"href":"https:\/\/politecnics.barcelona\/es\/wp-json\/wp\/v2\/pages"}],"about":[{"href":"https:\/\/politecnics.barcelona\/es\/wp-json\/wp\/v2\/types\/page"}],"author":[{"embeddable":true,"href":"https:\/\/politecnics.barcelona\/es\/wp-json\/wp\/v2\/users\/1"}],"replies":[{"embeddable":true,"href":"https:\/\/politecnics.barcelona\/es\/wp-json\/wp\/v2\/comments?post=5742"}],"version-history":[{"count":2,"href":"https:\/\/politecnics.barcelona\/es\/wp-json\/wp\/v2\/pages\/5742\/revisions"}],"predecessor-version":[{"id":5770,"href":"https:\/\/politecnics.barcelona\/es\/wp-json\/wp\/v2\/pages\/5742\/revisions\/5770"}],"wp:attachment":[{"href":"https:\/\/politecnics.barcelona\/es\/wp-json\/wp\/v2\/media?parent=5742"}],"curies":[{"name":"wp","href":"https:\/\/api.w.org\/{rel}","templated":true}]}}