{"id":5783,"date":"2021-04-19T11:35:23","date_gmt":"2021-04-19T09:35:23","guid":{"rendered":"https:\/\/politecnics.barcelona\/proyecto-educativo-de-centro\/"},"modified":"2025-02-17T19:11:39","modified_gmt":"2025-02-17T18:11:39","slug":"proyecto-educativo-de-centro","status":"publish","type":"page","link":"https:\/\/politecnics.barcelona\/es\/proyecto-educativo-de-centro\/","title":{"rendered":"Proyecto educativo de centro"},"content":{"rendered":"<p><div class=\"fusion-fullwidth fullwidth-box fusion-builder-row-1 fusion-flex-container nonhundred-percent-fullwidth non-hundred-percent-height-scrolling\" style=\"--awb-border-radius-top-left:0px;--awb-border-radius-top-right:0px;--awb-border-radius-bottom-right:0px;--awb-border-radius-bottom-left:0px;--awb-flex-wrap:wrap;\" ><div class=\"fusion-builder-row fusion-row fusion-flex-align-items-flex-start fusion-flex-content-wrap\" style=\"max-width:1248px;margin-left: calc(-4% \/ 2 );margin-right: calc(-4% \/ 2 );\"><div class=\"fusion-layout-column fusion_builder_column fusion-builder-column-0 fusion_builder_column_1_6 1_6 fusion-flex-column\" style=\"--awb-bg-size:cover;--awb-width-large:16.666666666667%;--awb-margin-top-large:0px;--awb-spacing-right-large:11.52%;--awb-margin-bottom-large:20px;--awb-spacing-left-large:11.52%;--awb-width-medium:16.666666666667%;--awb-order-medium:0;--awb-spacing-right-medium:11.52%;--awb-spacing-left-medium:11.52%;--awb-width-small:100%;--awb-order-small:0;--awb-spacing-right-small:1.92%;--awb-spacing-left-small:1.92%;\"><div class=\"fusion-column-wrapper fusion-column-has-shadow fusion-flex-justify-content-flex-start fusion-content-layout-column\"><\/div><\/div><div class=\"fusion-layout-column fusion_builder_column fusion-builder-column-1 fusion_builder_column_2_3 2_3 fusion-flex-column\" style=\"--awb-bg-size:cover;--awb-width-large:66.666666666667%;--awb-margin-top-large:0px;--awb-spacing-right-large:2.88%;--awb-margin-bottom-large:20px;--awb-spacing-left-large:2.88%;--awb-width-medium:66.666666666667%;--awb-order-medium:0;--awb-spacing-right-medium:2.88%;--awb-spacing-left-medium:2.88%;--awb-width-small:100%;--awb-order-small:0;--awb-spacing-right-small:1.92%;--awb-spacing-left-small:1.92%;\"><div class=\"fusion-column-wrapper fusion-column-has-shadow fusion-flex-justify-content-flex-start fusion-content-layout-column\"><div class=\"fusion-text fusion-text-1\"><h3 class=\"fusion-responsive-typography-calculated\" style=\"--fontsize: 30; line-height: 1.2;\" data-fontsize=\"30\" data-lineheight=\"36px\">En el Centro de Estudios Polit\u00e8cnics creemos que la formaci\u00f3n profesional es mucho m\u00e1s que la adquisici\u00f3n de conocimientos t\u00e9cnicos. Es un camino hacia el desarrollo integral del alumnado, prepar\u00e1ndolo para afrontar los retos del mundo laboral con competencia, creatividad y responsabilidad. <\/h3>\n<\/div><\/div><\/div><div class=\"fusion-layout-column fusion_builder_column fusion-builder-column-2 fusion_builder_column_1_6 1_6 fusion-flex-column\" style=\"--awb-bg-size:cover;--awb-width-large:16.666666666667%;--awb-margin-top-large:0px;--awb-spacing-right-large:11.52%;--awb-margin-bottom-large:20px;--awb-spacing-left-large:11.52%;--awb-width-medium:16.666666666667%;--awb-order-medium:0;--awb-spacing-right-medium:11.52%;--awb-spacing-left-medium:11.52%;--awb-width-small:100%;--awb-order-small:0;--awb-spacing-right-small:1.92%;--awb-spacing-left-small:1.92%;\"><div class=\"fusion-column-wrapper fusion-column-has-shadow fusion-flex-justify-content-flex-start fusion-content-layout-column\"><\/div><\/div><\/div><\/div><div class=\"fusion-fullwidth fullwidth-box fusion-builder-row-2 fusion-flex-container nonhundred-percent-fullwidth non-hundred-percent-height-scrolling\" style=\"--awb-border-radius-top-left:0px;--awb-border-radius-top-right:0px;--awb-border-radius-bottom-right:0px;--awb-border-radius-bottom-left:0px;--awb-flex-wrap:wrap;\" ><div class=\"fusion-builder-row fusion-row fusion-flex-align-items-flex-start fusion-flex-content-wrap\" style=\"max-width:1248px;margin-left: calc(-4% \/ 2 );margin-right: calc(-4% \/ 2 );\"><div class=\"fusion-layout-column fusion_builder_column fusion-builder-column-3 fusion_builder_column_1_6 1_6 fusion-flex-column\" style=\"--awb-bg-size:cover;--awb-width-large:16.666666666667%;--awb-margin-top-large:0px;--awb-spacing-right-large:11.52%;--awb-margin-bottom-large:20px;--awb-spacing-left-large:11.52%;--awb-width-medium:16.666666666667%;--awb-order-medium:0;--awb-spacing-right-medium:11.52%;--awb-spacing-left-medium:11.52%;--awb-width-small:100%;--awb-order-small:0;--awb-spacing-right-small:1.92%;--awb-spacing-left-small:1.92%;\"><div class=\"fusion-column-wrapper fusion-column-has-shadow fusion-flex-justify-content-flex-start fusion-content-layout-column\"><\/div><\/div><div class=\"fusion-layout-column fusion_builder_column fusion-builder-column-4 fusion_builder_column_2_3 2_3 fusion-flex-column\" style=\"--awb-bg-size:cover;--awb-width-large:66.666666666667%;--awb-margin-top-large:0px;--awb-spacing-right-large:2.88%;--awb-margin-bottom-large:20px;--awb-spacing-left-large:2.88%;--awb-width-medium:66.666666666667%;--awb-order-medium:0;--awb-spacing-right-medium:2.88%;--awb-spacing-left-medium:2.88%;--awb-width-small:100%;--awb-order-small:0;--awb-spacing-right-small:1.92%;--awb-spacing-left-small:1.92%;\"><div class=\"fusion-column-wrapper fusion-column-has-shadow fusion-flex-justify-content-flex-start fusion-content-layout-column\"><div class=\"fusion-title title fusion-title-1 fusion-sep-none fusion-title-center fusion-title-text fusion-title-size-two\"><h2 class=\"fusion-title-heading title-heading-center fusion-responsive-typography-calculated\" style=\"margin:0;--fontSize:40;line-height:1.2;\">\u00bfQui\u00e9nes <strong>somos?<\/strong><\/h2><\/div><div class=\"fusion-text fusion-text-2\"><p data-pm-slice=\"1 1 &#091;&#093;\">El Centre d\u2019Estudis Polit\u00e8cnics es una instituci\u00f3n privada concertada por la Generalidad de Catalu\u00f1a dedicada a la FP desde 1968. Situados en el centro de Barcelona, \u200b\u200bofrecemos formaci\u00f3n de grados C, D y E en las familias de Administraci\u00f3n y Gesti\u00f3n, Comercio y Marketing, Inform\u00e1tica y Comunicaciones, y Servicios Socioculturales y en la Comunidad, reconocidos por el Departamento. <\/p>\n<\/div><div class=\"fusion-title title fusion-title-2 fusion-sep-none fusion-title-center fusion-title-text fusion-title-size-two\"><h2 class=\"fusion-title-heading title-heading-center fusion-responsive-typography-calculated\" style=\"margin:0;--fontSize:40;line-height:1.2;\">\u00bfQu\u00e9 nos <strong>define?<\/strong><\/h2><\/div><div class=\"fusion-text fusion-text-3\"><ul data-spread=\"false\" data-pm-slice=\"3 3 &#091;&#093;\">\n<li><strong>Innovaci\u00f3n pedag\u00f3gica<\/strong> : Apostamos por metodolog\u00edas activas y entornos de simulaci\u00f3n profesional, recreando contextos laborales reales para que el alumnado pueda aprender haciendo.<\/li>\n<li><strong>Inclusi\u00f3n y diversidad<\/strong> : Tenemos el compromiso de garantizar un entorno educativo abierto, inclusivo y respetuoso.<\/li>\n<li><strong>Trabajo colaborativo<\/strong> : Impulsamos el trabajo en equipo entre alumnado, docentes, centros y empresas.<\/li>\n<li><strong>Orientaci\u00f3n al futuro<\/strong> : Acompa\u00f1amos al alumnado con orientaci\u00f3n, estancia formativa en empresas y una bolsa de trabajo activa.<\/li>\n<\/ul>\n<\/div><div class=\"fusion-title title fusion-title-3 fusion-sep-none fusion-title-center fusion-title-text fusion-title-size-two\"><h2 class=\"fusion-title-heading title-heading-center fusion-responsive-typography-calculated\" style=\"margin:0;--fontSize:40;line-height:1.2;\">La br\u00fajula que nos orienta: <strong>La FRASE<\/strong><\/h2><\/div><div class=\"fusion-text fusion-text-4\"><p data-pm-slice=\"1 1 &#091;&#093;\">La <strong>FRASE<\/strong> es un acr\u00f3nimo que agrupa a las competencias empoderadoras: Flexibilidad, Responsabilidad, Autonom\u00eda, Sociabilidad y Evoluci\u00f3n. En Polit\u00e8cnics dise\u00f1amos experiencias de aprendizaje que ayuden a desarrollar estas habilidades para ayudar al alumnado en su camino, no s\u00f3lo hacia el \u00e9xito acad\u00e9mico, si nota tambi\u00e9n profesional. <\/p>\n<\/div><div class=\"fusion-title title fusion-title-4 fusion-sep-none fusion-title-center fusion-title-text fusion-title-size-two\"><h2 class=\"fusion-title-heading title-heading-center fusion-responsive-typography-calculated\" style=\"margin:0;--fontSize:40;line-height:1.2;\">Metodolog\u00eda y <strong>Evaluaci\u00f3n<\/strong><\/h2><\/div><div class=\"fusion-text fusion-text-5\"><p data-pm-slice=\"1 1 &#091;&#093;\">Apostamos por simular los entornos profesionales que se encontrar\u00e1 el alumnado una vez se incorporen al mercado laboral. Generamos el aprendizaje llevando al aula retos y casos reales o ficticios que ayudan a vivir la experiencia profesional con el acompa\u00f1amiento y orientaci\u00f3n del equipo docente. Nuestro objetivo no es poner una nota si no capacitar al alumnado para que pueda valorar de forma cr\u00edtica sus habilidades y aprendizajes. Las r\u00fabricas, los diarios de autoevaluaci\u00f3n, las tablas de orientaci\u00f3n y los e indicadores objetivos son instrumentos habituales en el centro para conseguir este objetivo y acabar certificando las competencias necesarias para el futuro profesional.   <\/p>\n<\/div><div class=\"fusion-title title fusion-title-5 fusion-sep-none fusion-title-center fusion-title-text fusion-title-size-two\"><h2 class=\"fusion-title-heading title-heading-center fusion-responsive-typography-calculated\" style=\"margin:0;--fontSize:40;line-height:1.2;\">Compromiso con el <strong>entorno<\/strong><\/h2><\/div><div class=\"fusion-text fusion-text-6\"><p data-pm-slice=\"1 1 &#091;&#093;\">Colaboramos con Fundaci\u00f3 Autoocupaci\u00f3, formamos parte de PLIKA.ORG, participamos en el Pacto AECOC por el Talento y la Empleabilidad, colaboramos con la Fundaci\u00f3n Inform y fomentamos la movilidad internacional con Erasmus+, entre otros. Nos reunimos regularmente con empresas de los sectores profesionales para conocer sus necesidades de primera mano. <\/p>\n<\/div><div class=\"fusion-title title fusion-title-6 fusion-sep-none fusion-title-center fusion-title-text fusion-title-size-two\"><h2 class=\"fusion-title-heading title-heading-center fusion-responsive-typography-calculated\" style=\"margin:0;--fontSize:40;line-height:1.2;\">\u00bf <strong>Qu\u00e9 ofrecemos?<\/strong><\/h2><\/div><div class=\"fusion-text fusion-text-7\"><ul data-spread=\"false\" data-pm-slice=\"3 3 &#091;&#093;\">\n<li>Formaci\u00f3n Profesional inicial presencial<\/li>\n<li>FP para el empleo y formaci\u00f3n continua<\/li>\n<li>Estancias formativas en empresas: DUAL general, DUAL intensiva y Erasmus +<\/li>\n<li>Casos de aprendizaje activo con empresas<\/li>\n<li>Itinerarios personalizados y orientaci\u00f3n profesional<\/li>\n<\/ul>\n<\/div><div style=\"text-align:center;\"><a class=\"fusion-button button-flat fusion-button-default-size button-default fusion-button-default button-1 fusion-button-default-span fusion-button-default-type\" target=\"_self\" href=\"https:\/\/docs.google.com\/presentation\/d\/e\/2PACX-1vSeqO8A8jKvy3wKKFoIp28g2epWM5vv3NwqGr1yx0duABgF2V6GKKEf7Dz0cC_uQylqmrN5DIWLRHCG\/pub?start=false&amp;loop=false&amp;delayms=3000\"><span class=\"fusion-button-text\">Proyecto Educativo de los Polit\u00e8cnics<\/span><\/a><\/div><\/div><\/div><div class=\"fusion-layout-column fusion_builder_column fusion-builder-column-5 fusion_builder_column_1_6 1_6 fusion-flex-column\" style=\"--awb-bg-size:cover;--awb-width-large:16.666666666667%;--awb-margin-top-large:0px;--awb-spacing-right-large:11.52%;--awb-margin-bottom-large:20px;--awb-spacing-left-large:11.52%;--awb-width-medium:16.666666666667%;--awb-order-medium:0;--awb-spacing-right-medium:11.52%;--awb-spacing-left-medium:11.52%;--awb-width-small:100%;--awb-order-small:0;--awb-spacing-right-small:1.92%;--awb-spacing-left-small:1.92%;\"><div class=\"fusion-column-wrapper fusion-column-has-shadow fusion-flex-justify-content-flex-start fusion-content-layout-column\"><\/div><\/div><\/div><\/div><\/p>\n","protected":false},"excerpt":{"rendered":"","protected":false},"author":1,"featured_media":0,"parent":0,"menu_order":0,"comment_status":"closed","ping_status":"closed","template":"","meta":{"_monsterinsights_skip_tracking":false,"_monsterinsights_sitenote_active":false,"_monsterinsights_sitenote_note":"","_monsterinsights_sitenote_category":0,"footnotes":""},"_links":{"self":[{"href":"https:\/\/politecnics.barcelona\/es\/wp-json\/wp\/v2\/pages\/5783"}],"collection":[{"href":"https:\/\/politecnics.barcelona\/es\/wp-json\/wp\/v2\/pages"}],"about":[{"href":"https:\/\/politecnics.barcelona\/es\/wp-json\/wp\/v2\/types\/page"}],"author":[{"embeddable":true,"href":"https:\/\/politecnics.barcelona\/es\/wp-json\/wp\/v2\/users\/1"}],"replies":[{"embeddable":true,"href":"https:\/\/politecnics.barcelona\/es\/wp-json\/wp\/v2\/comments?post=5783"}],"version-history":[{"count":7,"href":"https:\/\/politecnics.barcelona\/es\/wp-json\/wp\/v2\/pages\/5783\/revisions"}],"predecessor-version":[{"id":10749,"href":"https:\/\/politecnics.barcelona\/es\/wp-json\/wp\/v2\/pages\/5783\/revisions\/10749"}],"wp:attachment":[{"href":"https:\/\/politecnics.barcelona\/es\/wp-json\/wp\/v2\/media?parent=5783"}],"curies":[{"name":"wp","href":"https:\/\/api.w.org\/{rel}","templated":true}]}}