{"id":5848,"date":"2021-03-30T16:16:49","date_gmt":"2021-03-30T14:16:49","guid":{"rendered":"https:\/\/politecnics.barcelona\/politica-de-cookies\/"},"modified":"2023-01-24T12:48:26","modified_gmt":"2023-01-24T11:48:26","slug":"politica-de-cookies","status":"publish","type":"page","link":"https:\/\/politecnics.barcelona\/es\/politica-de-cookies\/","title":{"rendered":"Pol\u00edtica de cookies"},"content":{"rendered":"<h3>Informaci\u00f3n sobre cookies<\/h3>\n<p>Debido a la entrada en vigor de la referente modificaci\u00f3n de la Ley de Servicios de la Sociedad de la Informaci\u00f3n (LSSICE) establecida por el Real Decreto 13\/2012, es obligado obtener el consentimiento expreso del usuario de todas las p\u00e1ginas web que utilizan cookies prescindibles, antes de que \u00e9ste navegue por ellas.<\/p>\n<h3>\u00bfQu\u00e9 son las cookies?<\/h3>\n<p>Las cookies y otras tecnolog\u00edas similares como local shared objects, flash cookies o p\u00edxeles, son herramientas utilizadas por los servidores Web para almacenar y recuperar informaci\u00f3n sobre sus visitantes, as\u00ed como para ofrecer un correcto funcionamiento del sitio. Mediante el uso de estos dispositivos se permite al servidor Web recordar algunos datos referentes al usuario, como sus preferencias para la visualizaci\u00f3n de las p\u00e1ginas de ese servidor, nombre y contrase\u00f1a, productos que m\u00e1s le interesan, etc.<\/p>\n<h3>Cookies afectadas por la normativa y cookies exceptuadas<\/h3>\n<p>Seg\u00fan la directiva de la UE, las cookies que requieren el consentimiento informado por parte del usuario son las cookies anal\u00edticas y las de publicidad y afiliaci\u00f3n, quedando exceptuadas las de car\u00e1cter t\u00e9cnico y las necesarias para el funcionamiento del sitio web o la prestaci\u00f3n de servicios expresamente solicitados por el usuario.<\/p>\n<h3>Tipo de cookies<\/h3>\n<p><b>SEG\u00daN LA FINALIDAD<\/b><\/p>\n<ul>\n<li><strong>Cookies t\u00e9cnicas y funcionales:<\/strong> son las que permiten al usuario navegar a trav\u00e9s de una p\u00e1gina web, plataforma o aplicaci\u00f3n y utilizar las distintas opciones o servicios existentes.<\/li>\n<li><strong>Cookies de an\u00e1lisis:<\/strong> son las que permiten al responsable de \u00e9stas monitorizar y analizar el comportamiento de los usuarios de los sitios web a los que est\u00e1n vinculados. La informaci\u00f3n recogida mediante este tipo de cookies se utiliza en la medici\u00f3n de la actividad de los sitios web, aplicaci\u00f3n o plataforma y para elaborar perfiles de navegaci\u00f3n de los usuarios de estos sitios, aplicaciones y plataformas, a fin de introducir mejoras en funci\u00f3n del an\u00e1lisis de los datos de uso que realizan los usuarios del servicio.<\/li>\n<li><strong>Cookies publicitarias:<\/strong> son aquellas que permiten gestionar, de la forma m\u00e1s eficaz posible, los espacios publicitarios que, en su caso, el editor haya incluido en una p\u00e1gina web, aplicaci\u00f3n o plataforma desde la que presta el servicio solicitado seg\u00fan criterios como el contenido editado o la frecuencia en la que se muestran los anuncios.<\/li>\n<li><strong>Cookies de publicidad comportamental:<\/strong> recogen informaci\u00f3n sobre las preferencias y elecciones personales del usuario (retargeting) para permitir gestionar, de la forma m\u00e1s eficaz posible, los espacios publicitarios que, en su caso, el editor haya incluido en una p\u00e1gina web, aplicaci\u00f3n o plataforma desde la que presta el servicio solicitado.<\/li>\n<li><strong>Cookies sociales:<\/strong> son aquellas que han sido instaladas por las plataformas de redes sociales en los servicios para permitirle compartir contenido con sus amigos y redes. Las plataformas de medios sociales tienen la capacidad de rastrear su actividad online fuera de los Servicios. Esto puede afectar al contenido y mensajes que ve en otros servicios que visite.<\/li>\n<li><strong>Cookies de afiliados:<\/strong> permiten realizar un seguimiento de las visitas procedentes de otras webs, con las que el sitio web establece un contrato de afiliaci\u00f3n (empresas de afiliaci\u00f3n).<\/li>\n<li><strong>Cookies de seguridad:<\/strong> almacenan informaci\u00f3n cifrada para evitar que los datos que se guardan sean vulnerables a ataques maliciosos de terceros.<\/li>\n<\/ul>\n<p><b>SEG\u00daN LA PROPIEDAD<\/b><\/p>\n<ul>\n<li><strong>Cookies propias:<\/strong> son las que se env\u00edan al equipo terminal del usuario desde un equipo o dominio gestionado por el propio editor y desde el que se proporciona el servicio solicitado por el usuario.<\/li>\n<li><strong>Cookies de terceros:<\/strong> son las que se env\u00edan al equipo terminal del usuario desde un equipo o dominio que no es gestionado por el editor, sino por otra entidad que trata los datos obtenidos mediante cookies.<\/li>\n<\/ul>\n<p><strong>SEG\u00daN EL PLAZO DE CONSERVACI\u00d3N<\/strong><\/p>\n<ul>\n<li><strong>Cookies de sesi\u00f3n:<\/strong> son un tipo de cookies dise\u00f1adas para obtener y almacenar datos mientras el usuario accede a una p\u00e1gina web.<\/li>\n<li><strong>Cookies persistentes:<\/strong> son un tipo de cookies en las que los datos siguen almacenados en el terminal y pueden ser accedidos y tratados durante un per\u00edodo definido por el responsable de la cookie, y que durar desde unos minutos a varios a\u00f1os.<\/li>\n<\/ul>\n<h3>Tratamiento de datos personales<\/h3>\n<p>CENTRE D\u2019ESTUDIS POLIT\u00c8CNICS, S.L. es el <strong>Responsable del tratamiento<\/strong> de los datos personales del<strong>Interesado<\/strong> y le informa que estos datos se tratar\u00e1n de conformidad con lo establecido en el Reglamento (UE) 2016\/679, de 27 de abril de 2016 (GDPR), por lo que se le facilita la siguiente informaci\u00f3n del tratamiento: <strong>Finalidades del tratamiento:<\/strong> seg\u00fan se especifica en el apartado de cookies que se utilizan en este sitio web. <strong>Legitimaci\u00f3n del tratamiento:<\/strong> por consentimiento del interesado (art. 6.1 GDPR). <strong>Criterios de conservaci\u00f3n de los datos:<\/strong> seg\u00fan se especifica en el apartado de cookies utilizadas en la web. <strong>Comunicaci\u00f3n de los datos:<\/strong> no se comunicar\u00e1n los datos a terceros, salvo en cookies propiedad de terceros o por obligaci\u00f3n legal. <strong>Derechos del Interesado:<\/strong> \u2013 Derecho a retirar el consentimiento en cualquier momento. &#8211; Derecho de acceso, rectificaci\u00f3n, portabilidad y supresi\u00f3n de sus datos y de limitaci\u00f3n u oposici\u00f3n a su tratamiento. \u2013 Derecho a presentar reclamaci\u00f3n ante la Autoridad de control (www.aepd.es) si considera que el tratamiento no se ajusta a la normativa vigente. <strong>Datos de contacto para ejercer sus derechos:<\/strong> CENTRE D\u2019ESTUDIS POLIT\u00c8CNICS, S.L. Plaza Urquinaona, 10 \u2013 08010 Barcelona (Barcelona). E-mail: <a href=\"mailto:administracio@politecnics.barcelona\">administracio@politecnics.barcelona<\/a> Datos de contacto del delegado de protecci\u00f3n de datos: <a href=\"mailto:dpo@adhocasesoreslegales.com\">dpo@adhocasesoreslegales.com<\/a><\/p>\n<h2>Cookies utilizadas en este sitio web<\/h2>\n<p><strong>COOKIES CONTROLADAS POR EL EDITOR<\/strong><\/p>\n<div class=\"table-1\">\n<table>\n<tbody>\n<tr>\n<td colspan=\"5\"><b>T\u00e9cnicas y funcional<\/b><\/td>\n<\/tr>\n<tr>\n<td><b>PROPIEDAD<\/b><\/td>\n<td><b>COOKIE<\/b><\/td>\n<td><b>FINALIDAD<\/b><\/td>\n<td><b>PLAZO<\/b><\/td>\n<\/tr>\n<tr>\n<td>google.com<\/td>\n<td>SEARCH_SAMESITE<\/td>\n<td>SameSite evita que el navegador env\u00ede esta cookie junto con las solicitudes entre sitios. El objetivo principal es mitigar el riesgo de escape de informaci\u00f3n de origen cruzado. Tambi\u00e9n proporciona cierta protecci\u00f3n contra ataques de falsificaci\u00f3n de solicitudes entre sitios.<\/td>\n<td>en 6 meses<\/td>\n<\/tr>\n<tr>\n<td>politecnicos.barcelona<\/td>\n<td>PHPSESSID<\/td>\n<td>Cookie generada por las aplicaciones basadas en el lenguaje PHP. Se trata de un identificador de prop\u00f3sito general utilizado para mantener las variables de sesi\u00f3n de usuario. Normalmente es un n\u00famero generado al azar, como se utiliza puede ser espec\u00edfica para el sitio, pero un buen ejemplo es el mantenimiento de una sesi\u00f3n iniciada en el estado de un usuario entre las p\u00e1ginas.<\/td>\n<td>en 7 meses<\/td>\n<\/tr>\n<tr>\n<td>youtube.com<\/td>\n<td>LOGIN_INFO<\/td>\n<td>Cookies t\u00e9cnicas de reproducci\u00f3n de contenido.<\/td>\n<td>en 2 a\u00f1os<\/td>\n<\/tr>\n<tr>\n<td>youtube.com<\/td>\n<td>PREF<\/td>\n<td>Esta cookie almacena sus preferencias y otra informaci\u00f3n, en particular el idioma preferido, el n\u00famero de resultados de b\u00fasqueda que desea que se muestren en su p\u00e1gina, y si desea o no tener el filtro SafeSearch de Google encendido.<\/td>\n<td>en 9 meses<\/td>\n<\/tr>\n<tr>\n<td>youtube.com<\/td>\n<td>YSC<\/td>\n<td>Abre una identificaci\u00f3n \u00fanica para mantener estad\u00edsticas de qu\u00e9 v\u00eddeos de YouTube ha visto el usuario.<\/td>\n<td>en 7 meses<\/td>\n<\/tr>\n<\/tbody>\n<\/table>\n<\/div>\n<div class=\"table-1\">\n<table>\n<tbody>\n<tr>\n<td colspan=\"5\"><b>Anal\u00edticas<\/b><\/td>\n<\/tr>\n<tr>\n<td><b>PROPIEDAD<\/b><\/td>\n<td><b>COOKIE<\/b><\/td>\n<td><b>FINALIDAD<\/b><\/td>\n<td><b>PLAZO<\/b><\/td>\n<\/tr>\n<tr>\n<td>google.com<\/td>\n<td>__Secure-3PAPISID<\/td>\n<td>Estas cookies se utilizan para entregar anuncios m\u00e1s relevantes para usted y sus intereses.<\/td>\n<td>en 2 a\u00f1os<\/td>\n<\/tr>\n<tr>\n<td>google.com<\/td>\n<td>__Secure-3PSID<\/td>\n<td>Estas cookies se utilizan para entregar anuncios m\u00e1s relevantes para usted y sus intereses.<\/td>\n<td>en 2 a\u00f1os<\/td>\n<\/tr>\n<tr>\n<td>google.com<\/td>\n<td>__Secure-APISID<\/td>\n<td>Estas cookies se utilizan para entregar anuncios m\u00e1s relevantes para usted y sus intereses.<\/td>\n<td>en 3 meses<\/td>\n<\/tr>\n<tr>\n<td>google.com<\/td>\n<td>__Secure-HSID<\/td>\n<td>Estas cookies se utilizan para entregar anuncios m\u00e1s relevantes para usted y sus intereses.<\/td>\n<td>en 3 meses<\/td>\n<\/tr>\n<tr>\n<td>google.com<\/td>\n<td>__Secure-SSID<\/td>\n<td>Estas cookies se utilizan para entregar anuncios m\u00e1s relevantes para usted y sus intereses.<\/td>\n<td>en 3 meses<\/td>\n<\/tr>\n<tr>\n<td>youtube.com<\/td>\n<td>__Secure-3PAPISID<\/td>\n<td>Estas cookies se utilizan para entregar anuncios m\u00e1s relevantes para usted y sus intereses.<\/td>\n<td>en 2 a\u00f1os<\/td>\n<\/tr>\n<tr>\n<td>youtube.com<\/td>\n<td>__Secure-3PSID<\/td>\n<td>Estas cookies se utilizan para entregar anuncios m\u00e1s relevantes para usted y sus intereses.<\/td>\n<td>en 2 a\u00f1os<\/td>\n<\/tr>\n<tr>\n<td>youtube.com<\/td>\n<td>__Secure-APISID<\/td>\n<td>Estas cookies se utilizan para entregar anuncios m\u00e1s relevantes para usted y sus intereses.<\/td>\n<td>en 3 meses<\/td>\n<\/tr>\n<tr>\n<td>youtube.com<\/td>\n<td>__Secure-HSID<\/td>\n<td>Estas cookies se utilizan para entregar anuncios m\u00e1s relevantes para usted y sus intereses.<\/td>\n<td>en 3 meses<\/td>\n<\/tr>\n<tr>\n<td>youtube.com<\/td>\n<td>__Secure-SSID<\/td>\n<td>Estas cookies se utilizan para entregar anuncios m\u00e1s relevantes para usted y sus intereses.<\/td>\n<td>en 3 meses<\/td>\n<\/tr>\n<\/tbody>\n<\/table>\n<\/div>\n<div class=\"table-1\">\n<table>\n<tbody>\n<tr>\n<td colspan=\"5\"><b>Publicitarias<\/b><\/td>\n<\/tr>\n<tr>\n<td><b>PROPIEDAD<\/b><\/td>\n<td><b>COOKIE<\/b><\/td>\n<td><b>FINALIDAD<\/b><\/td>\n<td><b>PLAZO<\/b><\/td>\n<\/tr>\n<tr>\n<td>google.com<\/td>\n<td>1P_JAR<\/td>\n<td>Estas cookies se configuran a trav\u00e9s de v\u00eddeos de YouTube incrustados. Registran datos estad\u00edsticos an\u00f3nimos, por ejemplo, cu\u00e1ntas veces se visualiza el v\u00eddeo y qu\u00e9 par\u00e1metros se utilizan para la reproducci\u00f3n.<\/td>\n<td>en un mes<\/td>\n<\/tr>\n<tr>\n<td>google.com<\/td>\n<td>APISID<\/td>\n<td>Descargar ciertas herramientas de Google y guardar ciertas preferencias, por ejemplo, el n\u00famero de resultados de la b\u00fasqueda por hoja o la activaci\u00f3n del filtro SafeSearch. Ajusta los anuncios que aparecen en la b\u00fasqueda de Google.<\/td>\n<td>en 2 a\u00f1os<\/td>\n<\/tr>\n<tr>\n<td>google.com<\/td>\n<td>HSID<\/td>\n<td>Descargar ciertas herramientas de Google y guardar ciertas preferencias, por ejemplo, el n\u00famero de resultados de la b\u00fasqueda por hoja o la activaci\u00f3n del filtro SafeSearch. Ajusta los anuncios que aparecen en la b\u00fasqueda de Google.<\/td>\n<td>en 2 a\u00f1os<\/td>\n<\/tr>\n<tr>\n<td>google.com<\/td>\n<td>NID<\/td>\n<td>Estas cookies se utilizan para recoger estad\u00edsticas de la p\u00e1gina web y rastrear las tasas de conversi\u00f3n y la personalizaci\u00f3n de anuncios de Google.<\/td>\n<td>en 7 meses<\/td>\n<\/tr>\n<tr>\n<td>google.com<\/td>\n<td>SAPISID<\/td>\n<td>Descargar ciertas herramientas de Google y guardar ciertas preferencias, por ejemplo, el n\u00famero de resultados de la b\u00fasqueda por hoja o la activaci\u00f3n del filtro SafeSearch. Ajusta los anuncios que aparecen en la b\u00fasqueda de Google.<\/td>\n<td>en 2 a\u00f1os<\/td>\n<\/tr>\n<tr>\n<td>google.com<\/td>\n<td>SID<\/td>\n<td>Descargar ciertas herramientas de Google y guardar ciertas preferencias, por ejemplo, el n\u00famero de resultados de la b\u00fasqueda por hoja o la activaci\u00f3n del filtro SafeSearch. Ajusta los anuncios que aparecen en la b\u00fasqueda de Google.<\/td>\n<td>en 2 a\u00f1os<\/td>\n<\/tr>\n<tr>\n<td>google.com<\/td>\n<td>SIDCC<\/td>\n<td>Descargar ciertas herramientas de Google y guardar ciertas preferencias, por ejemplo, el n\u00famero de resultados de la b\u00fasqueda por hoja o la activaci\u00f3n del filtro SafeSearch. Ajusta los anuncios que aparecen en la b\u00fasqueda de Google.<\/td>\n<td>en un a\u00f1o<\/td>\n<\/tr>\n<tr>\n<td>google.com<\/td>\n<td>SSID<\/td>\n<td>Descarga determinadas herramientas de Google y guarda determinadas preferencias, por ejemplo, el n\u00famero de resultados de b\u00fasqueda por p\u00e1gina o la activaci\u00f3n del filtro SafeSearch. Ajusta los anuncios que aparecen en la B\u00fasqueda de Google.<\/td>\n<td>en 2 a\u00f1os<\/td>\n<\/tr>\n<tr>\n<td>youtube.com<\/td>\n<td>APISID<\/td>\n<td>Descargar ciertas herramientas de Google y guardar ciertas preferencias, por ejemplo, el n\u00famero de resultados de la b\u00fasqueda por hoja o la activaci\u00f3n del filtro SafeSearch. Ajusta los anuncios que aparecen en la b\u00fasqueda de Google.<\/td>\n<td>en 2 a\u00f1os<\/td>\n<\/tr>\n<tr>\n<td>youtube.com<\/td>\n<td>HSID<\/td>\n<td>Descargar ciertas herramientas de Google y guardar ciertas preferencias, por ejemplo, el n\u00famero de resultados de la b\u00fasqueda por hoja o la activaci\u00f3n del filtro SafeSearch. Ajusta los anuncios que aparecen en la b\u00fasqueda de Google.<\/td>\n<td>en 2 a\u00f1os<\/td>\n<\/tr>\n<tr>\n<td>youtube.com<\/td>\n<td>SAPISID<\/td>\n<td>Descargar ciertas herramientas de Google y guardar ciertas preferencias, por ejemplo, el n\u00famero de resultados de la b\u00fasqueda por hoja o la activaci\u00f3n del filtro SafeSearch. Ajusta los anuncios que aparecen en la b\u00fasqueda de Google.<\/td>\n<td>en 2 a\u00f1os<\/td>\n<\/tr>\n<tr>\n<td>youtube.com<\/td>\n<td>SID<\/td>\n<td>Descargar ciertas herramientas de Google y guardar ciertas preferencias, por ejemplo, el n\u00famero de resultados de la b\u00fasqueda por hoja o la activaci\u00f3n del filtro SafeSearch. Ajusta los anuncios que aparecen en la b\u00fasqueda de Google.<\/td>\n<td>en 2 a\u00f1os<\/td>\n<\/tr>\n<tr>\n<td>youtube.com<\/td>\n<td>SIDCC<\/td>\n<td>Descargar ciertas herramientas de Google y guardar ciertas preferencias, por ejemplo, el n\u00famero de resultados de la b\u00fasqueda por hoja o la activaci\u00f3n del filtro SafeSearch. Ajusta los anuncios que aparecen en la b\u00fasqueda de Google.<\/td>\n<td>en un a\u00f1o<\/td>\n<\/tr>\n<tr>\n<td>youtube.com<\/td>\n<td>SSID<\/td>\n<td>Descarga determinadas herramientas de Google y guarda determinadas preferencias, por ejemplo, el n\u00famero de resultados de b\u00fasqueda por p\u00e1gina o la activaci\u00f3n del filtro SafeSearch. Ajusta los anuncios que aparecen en la B\u00fasqueda de Google.<\/td>\n<td>en 2 a\u00f1os<\/td>\n<\/tr>\n<tr>\n<td>youtube.com<\/td>\n<td>VISITOR_INFO1_LIVE<\/td>\n<td>Trate de amar el ancho de banda de los usuarios en las p\u00e1ginas de YouTube con v\u00eddeos integrados.<\/td>\n<td>en 5 meses<\/td>\n<\/tr>\n<\/tbody>\n<\/table>\n<\/div>\n<p><strong>COOKIES DE TERCEROS<\/strong> Los servicios de terceros son ajenos al control del editor. Los proveedores pueden modificar en cualquier momento sus condiciones de servicio, finalidad y uso de cookies, etc. Proveedores externos de este sitio web:<\/p>\n<table class=\"cookie-table\">\n<tbody>\n<tr>\n<td><b>EDITOR<\/b><\/td>\n<td><b>Pol\u00edtica de privacidad<\/b><\/td>\n<\/tr>\n<tr>\n<td>Google<\/td>\n<td><a href=\"https:\/\/privacy.google.com\/take-control.html\" target=\"_blank\" rel=\"noopener\">https:\/\/privacy.google.com\/take-control.html<\/a><\/td>\n<\/tr>\n<tr>\n<td>Google<\/td>\n<td><a href=\"https:\/\/safety.google\/privacy\/privacy-controls\/\" target=\"_blank\" rel=\"noopener\">https:\/\/safety.google\/privacy\/privacy-controls\/<\/a><\/td>\n<\/tr>\n<tr>\n<td>PHP.net<\/td>\n<td><a href=\"https:\/\/www.php.net\/privacy.php\" target=\"_blank\" rel=\"noopener\">https:\/\/www.php.net\/privacy.php<\/a><\/td>\n<\/tr>\n<tr>\n<td>Youtube<\/td>\n<td><a href=\"https:\/\/policies.google.com\/privacy\" target=\"_blank\" rel=\"noopener\">https:\/\/policies.google.com\/privacy<\/a><\/td>\n<\/tr>\n<tr>\n<td>Youtube<\/td>\n<td><a href=\"https:\/\/privacy.google.com\/take-control.html\" target=\"_blank\" rel=\"noopener\">https:\/\/privacy.google.com\/take-control.html<\/a><\/td>\n<\/tr>\n<\/tbody>\n<\/table>\n<h4>C\u00d3MO GESTIONAR LAS COOKIES DESDE EL NAVEGADOR<\/h4>\n<ul>\n<li><strong>Eliminar las cookies del dispositivo:<\/strong> Las cookies que ya se encuentran en un dispositivo se pueden eliminar borrando el historial del navegador, de forma que se suprimen las cookies de todos los sitios web visitados. Sin embargo, tambi\u00e9n puede perderse parte de la informaci\u00f3n guardada (por ejemplo, los datos de inicio de sesi\u00f3n o las preferencias de sitio web).<\/li>\n<li><strong>Gestionar las cookies espec\u00edficas del sitio:<\/strong> Para tener un control m\u00e1s preciso de las cookies espec\u00edficas de cada sitio, los usuarios pueden ajustar su configuraci\u00f3n de privacidad y cookies en el navegador.<\/li>\n<li><strong>Bloquear las cookies:<\/strong> Aunque la mayor\u00eda de los navegadores modernos se pueden configurar para evitar que se instalen cookies en los dispositivos, esto puede obligar a ajustar manualmente determinadas preferencias cada vez que se visite un sitio o p\u00e1gina. Algunos servicios y caracter\u00edsticas pueden no funcionar correctamente (por ejemplo, los inicios de sesi\u00f3n con perfil).<\/li>\n<\/ul>\n<h4>C\u00d3MO ELIMINAR LAS COOKIES DE LOS NAVEGADORES M\u00c1S COMUNES<\/h4>\n<ul>\n<li>Chrome <a href=\"http:\/\/support.google.com\/chrome\/answer\/95647?hl=es\" target=\"_blank\" rel=\"noopener\">http:\/\/support.google.com\/chrome\/answer\/95647?hl=es<\/a><\/li>\n<li>Internet Explorer 11 <a href=\"https:\/\/support.microsoft.com\/es-es\/help\/278835\/how-to-delete-cookie-files-in-internet-explorer\" target=\"_blank\" rel=\"noopener\">https:\/\/support.microsoft.com\/es-es\/help\/278835\/how-to-delete-cookie-files-in-internet-explorer<\/a><\/li>\n<li>Firefox 65.0.1 <a href=\"https:\/\/www.mozilla.org\/es-ES\/privacy\/websites\/#cookies\" target=\"_blank\" rel=\"noopener\">https:\/\/www.mozilla.org\/es-ES\/privacy\/websites\/#cookies<\/a><\/li>\n<li>Safari 5.1 <a href=\"https:\/\/support.apple.com\/es-es\/guide\/safari\/sfri11471\/mac\" target=\"_blank\" rel=\"noopener\">https:\/\/support.apple.com\/es-es\/guide\/safari\/sfri11471\/mac<\/a><\/li>\n<li>Opera <a href=\"https:\/\/help.opera.com\/en\/latest\/security-and-privacy\/#clearBrowsingData\" target=\"_blank\" rel=\"noopener\">https:\/\/help.opera.com\/en\/latest\/security-and-privacy\/#clearBrowsingData<\/a><\/li>\n<\/ul>\n","protected":false},"excerpt":{"rendered":"<p>Informaci\u00f3n sobre cookies Debido a la entrada en vigor de la referente modificaci\u00f3n de la Ley de Servicios de la Sociedad de la Informaci\u00f3n (LSSICE) establecida por el Real Decreto [&hellip;]<\/p>\n","protected":false},"author":1,"featured_media":0,"parent":0,"menu_order":80,"comment_status":"closed","ping_status":"closed","template":"","meta":{"_monsterinsights_skip_tracking":false,"_monsterinsights_sitenote_active":false,"_monsterinsights_sitenote_note":"","_monsterinsights_sitenote_category":0,"footnotes":""},"_links":{"self":[{"href":"https:\/\/politecnics.barcelona\/es\/wp-json\/wp\/v2\/pages\/5848"}],"collection":[{"href":"https:\/\/politecnics.barcelona\/es\/wp-json\/wp\/v2\/pages"}],"about":[{"href":"https:\/\/politecnics.barcelona\/es\/wp-json\/wp\/v2\/types\/page"}],"author":[{"embeddable":true,"href":"https:\/\/politecnics.barcelona\/es\/wp-json\/wp\/v2\/users\/1"}],"replies":[{"embeddable":true,"href":"https:\/\/politecnics.barcelona\/es\/wp-json\/wp\/v2\/comments?post=5848"}],"version-history":[{"count":1,"href":"https:\/\/politecnics.barcelona\/es\/wp-json\/wp\/v2\/pages\/5848\/revisions"}],"predecessor-version":[{"id":5849,"href":"https:\/\/politecnics.barcelona\/es\/wp-json\/wp\/v2\/pages\/5848\/revisions\/5849"}],"wp:attachment":[{"href":"https:\/\/politecnics.barcelona\/es\/wp-json\/wp\/v2\/media?parent=5848"}],"curies":[{"name":"wp","href":"https:\/\/api.w.org\/{rel}","templated":true}]}}