{"id":5850,"date":"2021-03-24T15:58:33","date_gmt":"2021-03-24T14:58:33","guid":{"rendered":"https:\/\/politecnics.barcelona\/politica-de-privacidad\/"},"modified":"2023-01-24T12:48:15","modified_gmt":"2023-01-24T11:48:15","slug":"politica-de-privacidad","status":"publish","type":"page","link":"https:\/\/politecnics.barcelona\/es\/politica-de-privacidad\/","title":{"rendered":"Pol\u00edtica de privacidad"},"content":{"rendered":"<p>En cumplimiento del principio de transparencia y deber de informaci\u00f3n establecido por la normativa comunitaria y nacional en materia de protecci\u00f3n de datos, <strong>CENTRE D\u2019ESTUDIS POLIT\u00c8CNICS<\/strong> procede a informar a los USUARIOS de este sitio web, sobre las circunstancias y condiciones del tratamiento de sus datos, as\u00ed como de los derechos que le asisten a cada interesado.<\/p>\n<h3>\u00bfQui\u00e9n es el responsable del tratamiento de sus datos?<\/h3>\n<p><strong>Identidad<\/strong> : CENTRE D\u2019ESTUDIS POLIT\u00c8CNICS<\/p>\n<p><strong>CIF:<\/strong> B-08659922<\/p>\n<p><strong>Direcci\u00f3n postal<\/strong> : Plaza Urquinaona 10, 08010 Barcelona.<\/p>\n<p><strong>Tel\u00e9fono<\/strong> : 933020224 \/ 933024106<\/p>\n<p><strong>Correo electr\u00f3nico<\/strong> : <a href=\"mailto:administracio@politecnics.barcelona\">administracio@politecnics.barcelona<\/a><\/p>\n<p><strong>Delegado de Protecci\u00f3n de Datos<\/strong> : <a href=\"mailto:dpo@adhocasesoreslegales.com\">dpo@adhocasesoreslegales.com<\/a><\/p>\n<h3>\u00bfCon qu\u00e9 finalidad tratamos sus datos personales?<\/h3>\n<p><strong>CENTRE D\u2019ESTUDIS POLIT\u00c8CNICS<\/strong> tratamos los datos personales de los interesados para las siguientes finalidades:<\/p>\n<ul>\n<li>Prestaci\u00f3n de la docencia y gesti\u00f3n de la relaci\u00f3n con los alumnos, sus padres, tutores o representantes legales.<\/li>\n<li>Gestionar la preinscripci\u00f3n de los alumnos.<\/li>\n<li>Mantenimiento y gesti\u00f3n de la relaci\u00f3n comercial con nuestros proveedores de productos y servicios.<\/li>\n<li>Gestionar la relaci\u00f3n con nuestro personal.<\/li>\n<li>Garantizar la seguridad de las personas, bienes e instalaciones.<\/li>\n<li>Responder a las consultas que realizan los usuarios a trav\u00e9s de los formularios de contacto de nuestra p\u00e1gina web.<\/li>\n<li>Difundir el centro educativo y sus actividades, en caso de consentimiento de los interesados.<\/li>\n<\/ul>\n<h3>\u00bfDurante cu\u00e1nto tiempo conservamos sus datos?<\/h3>\n<p>Los datos personales se conservar\u00e1n durante el tiempo necesario para cumplir con la finalidad para la que se pidieron y para determinar las posibles responsabilidades que pudieran derivarse de esta finalidad y del tratamiento de los datos. En su caso, se conservar\u00e1n los datos personales mientras no se solicite su supresi\u00f3n.<\/p>\n<h3>\u00bfQu\u00e9 categor\u00eda de datos recabamos?<\/h3>\n<p>En relaci\u00f3n con los alumnos, la normativa vigente legitima a los centros educativos a pedir datos de car\u00e1cter personal para la funci\u00f3n docente y orientadora de los mismos en referencia al origen y ambiente familiar y social, las caracter\u00edsticas o condiciones personales, el desarrollo y resultados de la escolarizaci\u00f3n, y las circunstancias que sean necesarias para educar y orientar a los alumnos.<\/p>\n<p>Por otra parte, tomando en consideraci\u00f3n las finalidades mencionadas en los apartados anteriores, son objeto de tratamiento por el Centro las siguientes categor\u00edas de datos, seg\u00fan corresponda a cada uno de los interesados: <strong>Datos de car\u00e1cter identificativo:<\/strong> nombre y apellido, direcci\u00f3n (postal y electr\u00f3nica), documento de identidad e imagen. <strong>Otros datos personales:<\/strong> fecha y lugar de nacimiento, edad, sexo, nacionalidad y lengua materna. <strong>Datos acad\u00e9micos:<\/strong> formaci\u00f3n y titulaciones. <strong>Datos de familia. Datos de salud,<\/strong> en su caso. <strong>Datos profesionales:<\/strong> experiencia profesional, pertenencia a colegios y asociaciones profesionales. <strong>Datos bancarios. Datos de informaci\u00f3n comercial:<\/strong> actividades, negocios y licencias comerciales.<\/p>\n<h3>\u00bfCu\u00e1l es la legitimaci\u00f3n para el tratamiento de sus datos?<\/h3>\n<p>La base legal para el tratamiento de sus datos personales estar\u00e1 relacionada con la finalidad para la que los datos fueron recogidos. En este sentido, el tratamiento de sus datos personales estar\u00e1 legitimado por alguna de las siguientes condiciones:<\/p>\n<ul>\n<li>La ejecuci\u00f3n del contrato de prestaci\u00f3n de docencia.<\/li>\n<li>La ejecuci\u00f3n del contrato de prestaci\u00f3n de servicios.<\/li>\n<li>El cumplimiento de una obligaci\u00f3n legal.<\/li>\n<li>El cumplimiento de una misi\u00f3n realizada en inter\u00e9s p\u00fablico.<\/li>\n<li>El consentimiento otorgado mediante clara acci\u00f3n afirmativa por parte del interesado.<\/li>\n<\/ul>\n<h3>\u00bfA qu\u00e9 destinatarios se comunicar\u00e1n sus datos?<\/h3>\n<p>A todos los efectos no se comunicar\u00e1n los datos personales a terceros, salvo obligaci\u00f3n legal.<\/p>\n<h3>\u00bfCu\u00e1les son sus derechos cuando nos facilita sus datos?<\/h3>\n<p>Cualquier persona tiene derecho a obtener confirmaci\u00f3n sobre si en <strong>CENTRE D\u2019ESTUDIS POLIT\u00c8CNICS<\/strong> estamos tratando datos personales que les conciernan.<\/p>\n<p>Las personas interesadas tienen derecho a acceder a sus datos personales, as\u00ed como a solicitar la rectificaci\u00f3n de los datos inexactos o, en su caso, solicitar su supresi\u00f3n cuando, entre otros motivos, los datos ya no sean necesarias para los fines que fueron recogidas. En estos casos, <strong>CENTRE D\u2019ESTUDIS POLIT\u00c8CNICS<\/strong> lo comunicar\u00e1 a cada uno de los destinatarios a los que se les hayan comunicado sus datos personales.<\/p>\n<p>En determinadas circunstancias, los interesados podr\u00e1n solicitar la limitaci\u00f3n del tratamiento de sus datos, en cuyo caso, \u00fanicamente los conservaremos para el ejercicio o la defensa de posibles reclamaciones.<\/p>\n<p>En determinadas circunstancias, y por motivos relacionados con su situaci\u00f3n particular, los interesados podr\u00e1n oponerse al tratamiento de sus datos<strong>. CENTRE D\u2019ESTUDIS POLIT\u00c8CNICS<\/strong> dejar\u00e1 de tratar los datos, salvo motivos leg\u00edtimos imperiosos o el ejercicio de defensa de posibles reclamaciones.<\/p>\n<p>Los interesados tienen derecho a recibir los datos personales que le incumban, que hayan facilitado a <strong>CENTRE D\u2019ESTUDIS POLIT\u00c8CNICS<\/strong> , en un formato estructurado, de uso com\u00fan y lectura mec\u00e1nica.<\/p>\n<p>Para el ejercicio de los derechos mencionados en los apartados anteriores, los usuarios pueden dirigir una comunicaci\u00f3n por escrito al domicilio social de <strong>CENTRE D\u2019ESTUDIS POLIT\u00c8CNICS<\/strong> o las direcciones de correo electr\u00f3nico <a href=\"mailto:administracio@cepnet.net\">administracio@politecnics.barcelona<\/a> o <a href=\"mailto:dpo@adhocasesoreslegales.com\">dpo@adhocasesoreslegales.com<\/a> , incluyendo, en ambos casos, fotocopia de su DNI u otro documento identificativo similar.<\/p>\n<p>Tambi\u00e9n le informamos de su derecho a presentar una reclamaci\u00f3n ante la Agencia Espa\u00f1ola de Protecci\u00f3n de Datos, si considera que en el tratamiento de sus datos no se est\u00e1n respetando sus derechos.<\/p>\n<h3>\u00bfQu\u00e9 medidas de seguridad tenemos implantadas?<\/h3>\n<p><strong>CENTRE D\u2019ESTUDIS POLIT\u00c8CNICS<\/strong> le informa que tiene implantadas las medidas de seguridad de \u00edndole t\u00e9cnica y organizativas necesarias para garantizar la seguridad de sus datos de car\u00e1cter personal y evitar su alteraci\u00f3n, p\u00e9rdida y tratamiento o acceso no autorizado.<\/p>\n<p>Asimismo, <strong>CENTRE D\u2019ESTUDIS POLIT\u00c8CNICS<\/strong> ha establecido medidas para reforzar la confidencialidad e integridad de la informaci\u00f3n en su organizaci\u00f3n. Manteniendo continuamente la supervisi\u00f3n, control y evaluaci\u00f3n de los procesos para asegurar el respeto a la privacidad de los datos.<\/p>\n<h3>\u00bfEs obligatorio proporcionar toda la informaci\u00f3n solicitada en los formularios de la p\u00e1gina web?<\/h3>\n<p>En relaci\u00f3n con el formulario de la p\u00e1gina web, el Usuario debe rellenar los marcados como \u00abobligatorios\u00bb. No completar los datos personales requeridos o hacerlo parcialmente puede suponer que <strong>CENTRE D\u2019ESTUDIS POLIT\u00c8CNICS<\/strong> no pueda atender sus solicitudes y, en consecuencia, <strong>CENTRE D\u2019ESTUDIS POLIT\u00c8CNICS<\/strong> quedar\u00e1 exonerada de toda responsabilidad por la no prestaci\u00f3n o prestaci\u00f3n incompleta de los servicios solicitados.<\/p>\n<p>Los datos personales que el Usuario facilita a <strong>CENTRE D\u2019ESTUDIS POLIT\u00c8CNICS<\/strong> deben ser actuales para que la informaci\u00f3n de los registros est\u00e9 actualizada y sin errores. El Usuario responder\u00e1 de la veracidad de los datos facilitados.<\/p>\n<p><strong>Menores de edad<br \/>\n<\/strong> Los menores de 14 a\u00f1os no pueden ceder sus datos personales a <strong>CENTRE D\u2019ESTUDIS POLIT\u00c8CNICS<\/strong>, sin el previo consentimiento de sus padres y\/o tutores legales. En caso de que <strong>CENTRE D\u2019ESTUDIS POLIT\u00c8CNICS<\/strong> detectara que el usuario es menor de 14 a\u00f1os se reserva el derecho a solicitar una copia de su DNI o documento de identidad equivalente, o, en su caso, la autorizaci\u00f3n de sus padres y\/o tutores legales, causando baja en caso de no acreditar el cumplimiento de este requisito o carencia de respuesta.<\/p>\n","protected":false},"excerpt":{"rendered":"<p>En cumplimiento del principio de transparencia y deber de informaci\u00f3n establecido por la normativa comunitaria y nacional en materia de protecci\u00f3n de datos, CENTRE D\u2019ESTUDIS POLIT\u00c8CNICS procede a informar a [&hellip;]<\/p>\n","protected":false},"author":1,"featured_media":0,"parent":0,"menu_order":70,"comment_status":"closed","ping_status":"closed","template":"","meta":{"_monsterinsights_skip_tracking":false,"_monsterinsights_sitenote_active":false,"_monsterinsights_sitenote_note":"","_monsterinsights_sitenote_category":0,"footnotes":""},"_links":{"self":[{"href":"https:\/\/politecnics.barcelona\/es\/wp-json\/wp\/v2\/pages\/5850"}],"collection":[{"href":"https:\/\/politecnics.barcelona\/es\/wp-json\/wp\/v2\/pages"}],"about":[{"href":"https:\/\/politecnics.barcelona\/es\/wp-json\/wp\/v2\/types\/page"}],"author":[{"embeddable":true,"href":"https:\/\/politecnics.barcelona\/es\/wp-json\/wp\/v2\/users\/1"}],"replies":[{"embeddable":true,"href":"https:\/\/politecnics.barcelona\/es\/wp-json\/wp\/v2\/comments?post=5850"}],"version-history":[{"count":1,"href":"https:\/\/politecnics.barcelona\/es\/wp-json\/wp\/v2\/pages\/5850\/revisions"}],"predecessor-version":[{"id":5851,"href":"https:\/\/politecnics.barcelona\/es\/wp-json\/wp\/v2\/pages\/5850\/revisions\/5851"}],"wp:attachment":[{"href":"https:\/\/politecnics.barcelona\/es\/wp-json\/wp\/v2\/media?parent=5850"}],"curies":[{"name":"wp","href":"https:\/\/api.w.org\/{rel}","templated":true}]}}