{"id":6948,"date":"2022-11-25T12:04:47","date_gmt":"2022-11-25T11:04:47","guid":{"rendered":"https:\/\/politecnics.barcelona\/formacion-ocupacional\/comm0110-marketing-y-compraventa-internacional\/"},"modified":"2024-12-17T18:59:40","modified_gmt":"2024-12-17T17:59:40","slug":"comm0110-marketing-y-compraventa-internacional","status":"publish","type":"page","link":"https:\/\/politecnics.barcelona\/es\/formacion-ocupacional\/comm0110-marketing-y-compraventa-internacional\/","title":{"rendered":"COMM0110 &#8211; Marketing y compraventa internacional"},"content":{"rendered":"<p><div class=\"fusion-fullwidth fullwidth-box fusion-builder-row-1 fusion-flex-container ico-especialitats nonhundred-percent-fullwidth non-hundred-percent-height-scrolling\" style=\"--awb-border-radius-top-left:0px;--awb-border-radius-top-right:0px;--awb-border-radius-bottom-right:0px;--awb-border-radius-bottom-left:0px;--awb-margin-top:50px;--awb-margin-bottom:80px;--awb-flex-wrap:wrap;\" ><div class=\"fusion-builder-row fusion-row fusion-flex-align-items-flex-start fusion-flex-content-wrap\" style=\"max-width:1248px;margin-left: calc(-4% \/ 2 );margin-right: calc(-4% \/ 2 );\"><div class=\"fusion-layout-column fusion_builder_column fusion-builder-column-0 fusion_builder_column_1_4 1_4 fusion-flex-column\" style=\"--awb-bg-size:cover;--awb-width-large:25%;--awb-margin-top-large:0px;--awb-spacing-right-large:7.68%;--awb-margin-bottom-large:20px;--awb-spacing-left-large:7.68%;--awb-width-medium:25%;--awb-order-medium:0;--awb-spacing-right-medium:7.68%;--awb-spacing-left-medium:7.68%;--awb-width-small:100%;--awb-order-small:0;--awb-spacing-right-small:1.92%;--awb-spacing-left-small:1.92%;\"><div class=\"fusion-column-wrapper fusion-column-has-shadow fusion-flex-justify-content-flex-start fusion-content-layout-column\"><div class=\"fusion-title title fusion-title-1 fusion-sep-none fusion-title-center fusion-title-text fusion-title-size-four\"><h4 class=\"fusion-title-heading title-heading-center fusion-responsive-typography-calculated\" style=\"margin:0;--fontSize:25;--minFontSize:25;line-height:1.2;\"><i class=\"fa fa-hourglass-half\" aria-hidden=\"true\"><\/i><br \/>\n<strong>DURACI\u00d3N<\/strong><\/h4><\/div>\n<div class=\"fusion-text fusion-text-1\" style=\"--awb-content-alignment:center;\"><p>790h<\/p>\n<\/div><\/div><\/div><div class=\"fusion-layout-column fusion_builder_column fusion-builder-column-1 fusion_builder_column_1_4 1_4 fusion-flex-column\" style=\"--awb-bg-size:cover;--awb-width-large:25%;--awb-margin-top-large:0px;--awb-spacing-right-large:7.68%;--awb-margin-bottom-large:20px;--awb-spacing-left-large:7.68%;--awb-width-medium:25%;--awb-order-medium:0;--awb-spacing-right-medium:7.68%;--awb-spacing-left-medium:7.68%;--awb-width-small:100%;--awb-order-small:0;--awb-spacing-right-small:1.92%;--awb-spacing-left-small:1.92%;\"><div class=\"fusion-column-wrapper fusion-column-has-shadow fusion-flex-justify-content-flex-start fusion-content-layout-column\"><div class=\"fusion-title title fusion-title-2 fusion-sep-none fusion-title-center fusion-title-text fusion-title-size-four\"><h4 class=\"fusion-title-heading title-heading-center fusion-responsive-typography-calculated\" style=\"margin:0;--fontSize:25;--minFontSize:25;line-height:1.2;\"><i class=\"fa fa-calendar-check\" aria-hidden=\"true\"><\/i><br \/>\n<strong>FECHA INICIO<\/strong><\/h4><\/div>\n<div class=\"fusion-text fusion-text-2\" style=\"--awb-content-alignment:center;--awb-text-color:#000000;\"><p>Pendiente<\/p>\n<\/div><\/div><\/div><div class=\"fusion-layout-column fusion_builder_column fusion-builder-column-2 fusion_builder_column_1_4 1_4 fusion-flex-column\" style=\"--awb-bg-size:cover;--awb-width-large:25%;--awb-margin-top-large:0px;--awb-spacing-right-large:7.68%;--awb-margin-bottom-large:20px;--awb-spacing-left-large:7.68%;--awb-width-medium:25%;--awb-order-medium:0;--awb-spacing-right-medium:7.68%;--awb-spacing-left-medium:7.68%;--awb-width-small:100%;--awb-order-small:0;--awb-spacing-right-small:1.92%;--awb-spacing-left-small:1.92%;\"><div class=\"fusion-column-wrapper fusion-column-has-shadow fusion-flex-justify-content-flex-start fusion-content-layout-column\"><div class=\"fusion-title title fusion-title-3 fusion-sep-none fusion-title-center fusion-title-text fusion-title-size-four\"><h4 class=\"fusion-title-heading title-heading-center fusion-responsive-typography-calculated\" style=\"margin:0;--fontSize:25;--minFontSize:25;line-height:1.2;\"><i class=\"fa fa-calendar-times\" aria-hidden=\"true\"><\/i><br \/>\n<strong>FECHA FINALIZACI\u00d3N<\/strong><\/h4><\/div>\n<div class=\"fusion-text fusion-text-3\" style=\"--awb-content-alignment:center;\"><p>Pendiente<\/p>\n<\/div><\/div><\/div><div class=\"fusion-layout-column fusion_builder_column fusion-builder-column-3 fusion_builder_column_1_4 1_4 fusion-flex-column\" style=\"--awb-bg-size:cover;--awb-width-large:25%;--awb-margin-top-large:0px;--awb-spacing-right-large:7.68%;--awb-margin-bottom-large:20px;--awb-spacing-left-large:7.68%;--awb-width-medium:25%;--awb-order-medium:0;--awb-spacing-right-medium:7.68%;--awb-spacing-left-medium:7.68%;--awb-width-small:100%;--awb-order-small:0;--awb-spacing-right-small:1.92%;--awb-spacing-left-small:1.92%;\"><div class=\"fusion-column-wrapper fusion-column-has-shadow fusion-flex-justify-content-flex-start fusion-content-layout-column\"><div class=\"fusion-title title fusion-title-4 fusion-sep-none fusion-title-center fusion-title-text fusion-title-size-four\"><h4 class=\"fusion-title-heading title-heading-center fusion-responsive-typography-calculated\" style=\"margin:0;--fontSize:25;--minFontSize:25;line-height:1.2;\"><i class=\"fa fa-clock\" aria-hidden=\"true\"><\/i><br \/>\n<strong>HORARIO<\/strong><\/h4><\/div>\n<div class=\"fusion-text fusion-text-4\" style=\"--awb-content-alignment:center;\"><p>Pendiente<\/p>\n<\/div><\/div><\/div><\/div><\/div><div class=\"fusion-fullwidth fullwidth-box fusion-builder-row-2 fusion-flex-container nonhundred-percent-fullwidth non-hundred-percent-height-scrolling\" style=\"--awb-border-radius-top-left:0px;--awb-border-radius-top-right:0px;--awb-border-radius-bottom-right:0px;--awb-border-radius-bottom-left:0px;--awb-flex-wrap:wrap;\" ><div class=\"fusion-builder-row fusion-row fusion-flex-align-items-stretch fusion-flex-content-wrap\" style=\"max-width:1248px;margin-left: calc(-4% \/ 2 );margin-right: calc(-4% \/ 2 );\"><div class=\"fusion-layout-column fusion_builder_column fusion-builder-column-4 fusion_builder_column_1_3 1_3 fusion-flex-column\" style=\"--awb-padding-right:40px;--awb-bg-size:cover;--awb-border-color:#0089ff;--awb-border-right:2px;--awb-border-style:dotted;--awb-width-large:33.333333333333%;--awb-margin-top-large:0px;--awb-spacing-right-large:5.76%;--awb-margin-bottom-large:20px;--awb-spacing-left-large:5.76%;--awb-width-medium:33.333333333333%;--awb-order-medium:0;--awb-spacing-right-medium:5.76%;--awb-spacing-left-medium:5.76%;--awb-width-small:100%;--awb-order-small:0;--awb-spacing-right-small:1.92%;--awb-spacing-left-small:1.92%;\"><div class=\"fusion-column-wrapper fusion-column-has-shadow fusion-flex-justify-content-flex-start fusion-content-layout-column\"><div class=\"fusion-title title fusion-title-5 fusion-sep-none fusion-title-text fusion-title-size-two\" style=\"--awb-text-color:#0089ff;--awb-margin-top:0px;\"><h2 class=\"fusion-title-heading title-heading-right fusion-responsive-typography-calculated\" style=\"margin:0;--fontSize:40;line-height:1.2;\">Relaci\u00f3n de m\u00f3dulos formativos y de unidades formativas<\/h2><\/div><\/div><\/div>\n<div class=\"fusion-layout-column fusion_builder_column fusion-builder-column-5 fusion_builder_column_2_3 2_3 fusion-flex-column\" style=\"--awb-bg-size:cover;--awb-border-color:#0089ff;--awb-border-style:dotted;--awb-width-large:66.666666666667%;--awb-margin-top-large:0px;--awb-spacing-right-large:2.88%;--awb-margin-bottom-large:20px;--awb-spacing-left-large:2.88%;--awb-width-medium:66.666666666667%;--awb-order-medium:0;--awb-spacing-right-medium:2.88%;--awb-spacing-left-medium:2.88%;--awb-width-small:100%;--awb-order-small:0;--awb-spacing-right-small:1.92%;--awb-spacing-left-small:1.92%;\"><div class=\"fusion-column-wrapper fusion-column-has-shadow fusion-flex-justify-content-flex-start fusion-content-layout-column\"><div class=\"fusion-text fusion-text-5\"><p><strong>MF1007_3: Sistemas de informaci\u00f3n de mercados (180 h)<\/strong><\/p>\n<ul>\n<li>UF1779: Entorno e informaci\u00f3n de mercados (60 horas).<\/li>\n<li>UF1780: Investigaci\u00f3n y recogida de informaci\u00f3n de mercados (60 horas).<\/li>\n<li>UF1781: Tratamiento y an\u00e1lisis de la informaci\u00f3n de mercados (60 horas).<\/li>\n<\/ul>\n<p><strong>MF1008_3: Marketing mix internacional (130 h)<\/strong><\/p>\n<ul>\n<li>UF1782: Pol\u00edticas de marketing internacional (90 horas).<\/li>\n<li>UF1783: Plan e informes de marketing internacional (40 horas).<\/li>\n<\/ul>\n<p><strong>MF1009_3: Negociaci\u00f3n y compraventa internacional (160 h)<\/strong><\/p>\n<ul>\n<li>UF1757: (Transversal) Informaci\u00f3n y gesti\u00f3n operativa de la compraventa internacional (80 horas).<\/li>\n<li>UF1784: Negociaci\u00f3n y contrataci\u00f3n internacional (80 horas).<\/li>\n<\/ul>\n<p><strong>MF1010_3: (Transversal) Angl\u00e8s profesional para el comercio internacional (120 h)<\/strong><\/p>\n<ul>\n<li>UF1764: Ingl\u00e9s oral y escrito en el comercio internacional (90 horas)<\/li>\n<li>UF1765: Documentaci\u00f3n en ingl\u00e9s para el comercio internacional (30 horas).<\/li>\n<\/ul>\n<p><strong>MF1011_3:Lengua extranjera profesional, diferente al ingl\u00e9s, para el comercio <\/strong><strong>internacional (120 h).<\/strong><\/p>\n<ul>\n<li>UF1785: Lengua extranjera oral y escrita, diferente al ingl\u00e9s, en el comercio internacional (90 horas).<\/li>\n<li>UF1786: Documentaci\u00f3n en una lengua extranjera diferente al ingl\u00e9s para el comercio internacional (30 horas).<\/li>\n<\/ul>\n<p><strong>M\u00f3dulo formaci\u00f3n complementaria (40 h).<\/strong><\/p>\n<p><strong>MP0378: M\u00f3dulo de pr\u00e1cticas profesionales no laborales de marketing y compraventa internacional (40 h).<\/strong><\/p>\n<\/div><\/div><\/div><div class=\"fusion-layout-column fusion_builder_column fusion-builder-column-6 fusion_builder_column_1_1 1_1 fusion-flex-column\" style=\"--awb-bg-size:cover;--awb-width-large:100%;--awb-margin-top-large:40px;--awb-spacing-right-large:1.92%;--awb-margin-bottom-large:40px;--awb-spacing-left-large:1.92%;--awb-width-medium:100%;--awb-order-medium:0;--awb-spacing-right-medium:1.92%;--awb-spacing-left-medium:1.92%;--awb-width-small:100%;--awb-order-small:0;--awb-spacing-right-small:1.92%;--awb-spacing-left-small:1.92%;\"><div class=\"fusion-column-wrapper fusion-column-has-shadow fusion-flex-justify-content-flex-start fusion-content-layout-column\"><div class=\"fusion-title title fusion-title-6 fusion-sep-none fusion-title-center fusion-title-text fusion-title-size-three\" style=\"--awb-text-color:#0089ff;\"><h3 class=\"fusion-title-heading title-heading-center fusion-responsive-typography-calculated\" style=\"margin:0;--fontSize:30;line-height:1.2;\"><strong>Titulaci\u00f3n de acceso al Certificado Profesional de nivel 3<\/strong><br \/> (se debe cumplir alguna de las siguientes)<\/h3><\/div>\n<div class=\"table-1\">\n<table width=\"100%\">\n<thead>\n<tr>\n<th align=\"left\"><b>Requisito<\/b><\/th>\n<th align=\"left\"><b>Documento que lo acredita<\/b><\/th>\n<\/tr>\n<\/thead>\n<tbody>\n<tr>\n<td align=\"left\">T\u00edtulo de bachillerato o equivalente a efectos acad\u00e9micos.<\/td>\n<td align=\"left\">Fotocopia compulsada del t\u00edtulo.<\/td>\n<\/tr>\n<tr>\n<td align=\"left\">Certificado Profesional del mismo nivel del m\u00f3dulo o Certificado Profesional al que se desea acceder.<\/td>\n<td align=\"left\">Fotocopia compulsada del t\u00edtulo, certificado profesional o acreditaci\u00f3n parcial.<\/td>\n<\/tr>\n<tr>Certificado Profesional de nivel <\/p>\n<td align=\"left\">2<\/td>\n<td align=\"left\">de la misma familia y \u00e1rea profesional al que se desea acceder.<\/td>\n<\/tr>\n<tr>\n<td align=\"left\">Haber superado la prueba de acceso a ciclos formativos de grado superior.<\/td>\n<td align=\"left\">Certificado de superaci\u00f3n de la prueba (firmado y sellado por el centro donde se realiz\u00f3 la prueba).<\/td>\n<\/tr>\n<tr>\n<td align=\"left\">Cumplir con los requisitos acad\u00e9micos de acceso a los ciclos formativos de grado superior.<\/td>\n<td align=\"left\">Fotocopia del t\u00edtulo o formaci\u00f3n acad\u00e9mica correspondiente.<\/td>\n<\/tr>\n<tr>\n<td align=\"left\">Prueba de acceso a la Universidad para mayores de 25 a\u00f1os y\/o 45 a\u00f1os.<\/td>\n<td align=\"left\">Certificado de superaci\u00f3n de la prueba (firmado y sellado por el centro donde se realiz\u00f3 la prueba).<\/td>\n<\/tr>\n<\/tbody>\n<\/table>\n<\/div>\n<\/div><\/div><\/div><\/div><\/p>\n","protected":false},"excerpt":{"rendered":"","protected":false},"author":1,"featured_media":0,"parent":5687,"menu_order":0,"comment_status":"closed","ping_status":"closed","template":"","meta":{"_monsterinsights_skip_tracking":false,"_monsterinsights_sitenote_active":false,"_monsterinsights_sitenote_note":"","_monsterinsights_sitenote_category":0,"footnotes":""},"_links":{"self":[{"href":"https:\/\/politecnics.barcelona\/es\/wp-json\/wp\/v2\/pages\/6948"}],"collection":[{"href":"https:\/\/politecnics.barcelona\/es\/wp-json\/wp\/v2\/pages"}],"about":[{"href":"https:\/\/politecnics.barcelona\/es\/wp-json\/wp\/v2\/types\/page"}],"author":[{"embeddable":true,"href":"https:\/\/politecnics.barcelona\/es\/wp-json\/wp\/v2\/users\/1"}],"replies":[{"embeddable":true,"href":"https:\/\/politecnics.barcelona\/es\/wp-json\/wp\/v2\/comments?post=6948"}],"version-history":[{"count":9,"href":"https:\/\/politecnics.barcelona\/es\/wp-json\/wp\/v2\/pages\/6948\/revisions"}],"predecessor-version":[{"id":10332,"href":"https:\/\/politecnics.barcelona\/es\/wp-json\/wp\/v2\/pages\/6948\/revisions\/10332"}],"up":[{"embeddable":true,"href":"https:\/\/politecnics.barcelona\/es\/wp-json\/wp\/v2\/pages\/5687"}],"wp:attachment":[{"href":"https:\/\/politecnics.barcelona\/es\/wp-json\/wp\/v2\/media?parent=6948"}],"curies":[{"name":"wp","href":"https:\/\/api.w.org\/{rel}","templated":true}]}}