{"id":930,"date":"2021-04-16T12:02:00","date_gmt":"2021-04-16T10:02:00","guid":{"rendered":"https:\/\/web2.politecnics.barcelona\/?page_id=930"},"modified":"2023-01-24T12:53:12","modified_gmt":"2023-01-24T11:53:12","slug":"que-es-erasmus","status":"publish","type":"page","link":"https:\/\/politecnics.barcelona\/es\/erasmus\/que-es-erasmus\/","title":{"rendered":"\u00bfQu\u00e9 es Erasmus+?"},"content":{"rendered":"<p><div class=\"fusion-fullwidth fullwidth-box fusion-builder-row-1 fusion-flex-container info-erasmus nonhundred-percent-fullwidth non-hundred-percent-height-scrolling\" style=\"--awb-border-radius-top-left:0px;--awb-border-radius-top-right:0px;--awb-border-radius-bottom-right:0px;--awb-border-radius-bottom-left:0px;--awb-flex-wrap:wrap;\" ><div class=\"fusion-builder-row fusion-row fusion-flex-align-items-flex-start fusion-flex-content-wrap\" style=\"max-width:1248px;margin-left: calc(-4% \/ 2 );margin-right: calc(-4% \/ 2 );\"><div class=\"fusion-layout-column fusion_builder_column fusion-builder-column-0 fusion_builder_column_1_1 1_1 fusion-flex-column\" style=\"--awb-bg-blend:overlay;--awb-bg-size:cover;--awb-width-large:100%;--awb-margin-top-large:0px;--awb-spacing-right-large:1.92%;--awb-margin-bottom-large:0px;--awb-spacing-left-large:1.92%;--awb-width-medium:100%;--awb-spacing-right-medium:1.92%;--awb-spacing-left-medium:1.92%;--awb-width-small:100%;--awb-spacing-right-small:1.92%;--awb-spacing-left-small:1.92%;\"><div class=\"fusion-column-wrapper fusion-flex-justify-content-flex-start fusion-content-layout-column\"><div class=\"fusion-text fusion-text-1\"><p>Erasmus+ es un programa aprobado por el Parlamento Europeo para el periodo 2014-2020 que engloba iniciativas de educaci\u00f3n, formaci\u00f3n, juventud y deporte.<\/p>\n<p>En el caso de la educaci\u00f3n, est\u00e1 relacionado con el \u00e1mbito escolar, la formaci\u00f3n profesional, la ense\u00f1anza superior y la formaci\u00f3n de personas adultas. Este programa est\u00e1 centrado en el aprendizaje en la UE y m\u00e1s all\u00e1 de sus fronteras y tiene como objetivo mejorar las cualidades educativas y formativas de las personas. As\u00ed, a trav\u00e9s del programa Erasmus+, el alumnado tiene la oportunidad de cursar parte de sus estudios en el extranjero o de hacer pr\u00e1cticas laborales en empresas extranjeras con una beca de la Uni\u00f3n Europea.<\/p>\n<h2>Gracias a la movilidad internacional, el alumnado\u2026<\/h2>\n<ul>\n<li>Conocer\u00e1 nuevas formas de trabajo y otras culturas.<\/li>\n<li>Adquirir\u00e1 habilidades provechosas para su futuro laboral.<\/li>\n<li>Mejorar\u00e1 su conocimiento de lengua extranjera.<\/li>\n<li>Mejorar\u00e1 su empleabilidad.<\/li>\n<li>Ganar\u00e1 madurez, tolerancia e iniciativa.<\/li>\n<\/ul>\n<p>El objetivo principal del programa Erasmus+ es mejorar las calificaciones, la empleabilidad y modernizar la educaci\u00f3n, la formaci\u00f3n y el trabajo juvenil. As\u00ed, desde el a\u00f1o 2014, y hasta el a\u00f1o 2020, el alumnado europeo tendr\u00e1 la oportunidad de estudiar, formarse, adquirir experiencia laboral y realizar actividades de voluntariado en el extranjero.<\/p>\n<p>Otro de los objetivos es fomentar el aprendizaje de las lenguas y la diversidad ling\u00fc\u00edstica. El programa Erasmus+ ofrece apoyo ling\u00fc\u00edstico a los participantes con el fin de aumentar la eficiencia y la efectividad de la movilidad y mejorar el funcionamiento del aprendizaje. Este apoyo ling\u00fc\u00edstico se realiza en l\u00ednea e incluye una evaluaci\u00f3n obligatoria de las competencias ling\u00fc\u00edsticas y cursos de lengua voluntarios. El alumnado participante realizar\u00e1 una evaluaci\u00f3n ling\u00fc\u00edstica previa a la movilidad y otra posterior para as\u00ed poder plasmar la mejora ling\u00fc\u00edstica que el programa ofrecer\u00e1 a las personas participantes.<\/p>\n<h2>Gracias a Erasmus+\u2026<\/h2>\n<p>el alumnado y profesorado de los centros de educaci\u00f3n superior tienen diferentes opciones de formaci\u00f3n (acad\u00e9micas y profesionales) en Europa:<\/p>\n<h2>Acci\u00f3n clave 1 (KA1)<\/h2>\n<p>Movilidad de las personas por motivos de aprendizaje: becas para realizar parte de los estudios en el extranjero o para realizar pr\u00e1cticas laborales en empresas europeas. Opciones disponibles:<\/p>\n<ul>\n<li>Movilidad de estudiantes para estudios: de 3 a 12 meses.<\/li>\n<li>Movilidad de estudiantes para pr\u00e1cticas: de 2 a 12 meses.<\/li>\n<li>Movilidad de personal para formaci\u00f3n: de 2 d\u00edas a 2 meses.<\/li>\n<li>Movilidad de personal para docencia: de de 2 d\u00edas a 2 meses.<\/li>\n<\/ul>\n<h2>Acci\u00f3n clave 2 (KA2)<\/h2>\n<p>Cooperaci\u00f3n para la innovaci\u00f3n y el intercambio de buenas pr\u00e1cticas mediante asociaciones estrat\u00e9gicas en el \u00e1mbito de la educaci\u00f3n, la formaci\u00f3n y la juventud con el objetivo de desarrollar iniciativas en diferentes \u00e1mbitos de la educaci\u00f3n, la formaci\u00f3n y la juventud y promover la innovaci\u00f3n, el intercambio de experiencias y competencias entre diferentes tipos de organizaciones.<\/p>\n<h2>Acci\u00f3n clave 3 (KA3)<\/h2>\n<p>Apoyo a la reforma de las pol\u00edticas mediante reuniones entre j\u00f3venes y responsables de la toma de decisiones en el \u00e1mbito de la juventud para una mejora de las pol\u00edticas educativas.<\/p>\n<h2>Actividades Jean Monnet<\/h2>\n<p>Para alumnado universitario.<\/p>\n<h2>Deporte<\/h2>\n<p>Fomento de la integridad y la participaci\u00f3n en el deporte, apoyo a enfoques innovadores en el deporte y la doble carrera profesional de los deportistas mediante asociaciones en colaboraci\u00f3n en el \u00e1mbito del deporte y eventos deportivos europeos sin \u00e1nimo de lucro.<\/p>\n<h2>\u00bfCu\u00e1les son los pa\u00edses de destino?<\/h2>\n<h3>Grupo 1<\/h3>\n<p>Dinamarca, Finlandia, Irlanda, Islandia, Liechtenstein, Luxemburgo, Noruega, Reino Unido y Suecia.<\/p>\n<h3>Grupo 2<\/h3>\n<p>Alemania, Austria, B\u00e9lgica, Chipre, Espa\u00f1a, Francia, Grecia, Italia, Malta, Pa\u00edses Bajos y Portugal.<\/p>\n<h3>Grupo 3<\/h3>\n<p>Antigua Rep\u00fablica Yugoslava de Macedonia, Bulgaria, Croacia, Eslovaquia, Eslovenia, Estonia, Hungr\u00eda, Letonia, Lituania, Polonia, Rep\u00fablica Checa, Ruman\u00eda, Serbia y Turqu\u00eda.<\/p>\n<h2>El Centre d\u2019Estudis Polit\u00e8cnics dispone de un departamento internacional que\u2026<\/h2>\n<ul>\n<li>Se hace cargo del seguimiento y apoyo ling\u00fc\u00edstico del alumnado y profesorado.<\/li>\n<li>Busca las empresas y las Instituciones de Educaci\u00f3n Superior donde el alumnado podr\u00e1 hacer pr\u00e1cticas o cursar parte de sus estudios.<\/li>\n<li>Gestiona el reconocimiento acad\u00e9mico de la estancia de los estudiantes para formaci\u00f3n o pr\u00e1cticas en sus expedientes acad\u00e9micos y del personal para formaci\u00f3n o docencia.<\/li>\n<\/ul>\n<\/div><div ><a class=\"fusion-button button-flat fusion-button-default-size button-default fusion-button-default button-1 fusion-button-span-yes fusion-button-default-type\" style=\"--button_margin-bottom:30px;\" target=\"_blank\" rel=\"noopener noreferrer\" title=\"Nuestra Carta ECHE 2021-2027\" aria-label=\"Nuestra Carta ECHE 2021-2027\" href=\"\/wp-content\/uploads\/erasmus-eche-21-27.pdf\"><span class=\"fusion-button-text\">Nuestra Carta ECHE 2021-2027<\/span><\/a><\/div><div ><a class=\"fusion-button button-flat button-medium button-lightgray fusion-button-lightgray button-2 fusion-button-span-yes fusion-button-default-type\" style=\"--button_margin-bottom:30px;\" target=\"_blank\" rel=\"noopener noreferrer\" title=\"Nuestra Carta ECHE 2014-2020\" aria-label=\"Nuestra Carta ECHE 2014-2020\" href=\"\/wp-content\/uploads\/erasmus-eche-14-20.pdf\"><span class=\"fusion-button-text\">Nuestra Carta ECHE 2014-2020<\/span><\/a><\/div><\/div><\/div><\/div><\/div><div class=\"fusion-fullwidth fullwidth-box fusion-builder-row-2 fusion-flex-container nonhundred-percent-fullwidth non-hundred-percent-height-scrolling\" style=\"--awb-border-radius-top-left:0px;--awb-border-radius-top-right:0px;--awb-border-radius-bottom-right:0px;--awb-border-radius-bottom-left:0px;--awb-margin-top:60px;--awb-flex-wrap:wrap;\" ><div class=\"fusion-builder-row fusion-row fusion-flex-align-items-flex-start fusion-flex-content-wrap\" style=\"max-width:1248px;margin-left: calc(-4% \/ 2 );margin-right: calc(-4% \/ 2 );\"><div class=\"fusion-layout-column fusion_builder_column fusion-builder-column-1 fusion_builder_column_1_1 1_1 fusion-flex-column\" style=\"--awb-bg-size:cover;--awb-width-large:100%;--awb-margin-top-large:0px;--awb-spacing-right-large:1.92%;--awb-margin-bottom-large:20px;--awb-spacing-left-large:1.92%;--awb-width-medium:100%;--awb-order-medium:0;--awb-spacing-right-medium:1.92%;--awb-spacing-left-medium:1.92%;--awb-width-small:100%;--awb-order-small:0;--awb-spacing-right-small:1.92%;--awb-spacing-left-small:1.92%;\"><div class=\"fusion-column-wrapper fusion-column-has-shadow fusion-flex-justify-content-flex-start fusion-content-layout-column\"><div class=\"fusion-text fusion-text-2\" style=\"--awb-content-alignment:center;\"><h2>Si quieres m\u00e1s informaci\u00f3n\u2026<br \/>\n\u00a1no dudes en contactar con nosotros!<\/h2>\n<\/div><\/div><\/div><div class=\"fusion-layout-column fusion_builder_column fusion-builder-column-2 fusion_builder_column_1_1 1_1 fusion-flex-column\" style=\"--awb-bg-size:cover;--awb-width-large:100%;--awb-margin-top-large:0px;--awb-spacing-right-large:1.92%;--awb-margin-bottom-large:20px;--awb-spacing-left-large:1.92%;--awb-width-medium:100%;--awb-order-medium:0;--awb-spacing-right-medium:1.92%;--awb-spacing-left-medium:1.92%;--awb-width-small:100%;--awb-order-small:0;--awb-spacing-right-small:1.92%;--awb-spacing-left-small:1.92%;\"><div class=\"fusion-column-wrapper fusion-column-has-shadow fusion-flex-justify-content-flex-start fusion-content-layout-column\"><div class=\"fusion-person person fusion-person-center fusion-person-1 fusion-person-icon-top\" style=\"--awb-pic-style-color:#000000;--awb-pic-borderradius:0px;--awb-margin-top:0px;--awb-margin-right:0px;--awb-margin-bottom:0px;--awb-margin-left:0px;--awb-social-box-border-top:0px;--awb-social-box-border-right:0px;--awb-social-box-border-bottom:0px;--awb-social-box-border-left:0px;--awb-social-box-border-color:var(--awb-color3);--awb-social-box-border-color-hover:var(--awb-color4);--awb-social-box-colors-hover:rgba(242,243,245,0.8);--awb-social-icon-boxed-colors:#f2f3f5;--awb-social-icon-colors:#9ea0a4;--awb-social-icon-colors-hover:rgba(158,160,164,0.8);\"><div class=\"person-desc\" style=\"background-color:var(--awb-color1);padding:40px;margin-top:0;\"><div class=\"person-author\"><div class=\"person-author-wrapper\"><span class=\"person-name\"> Departamento Internacional<\/span><span class=\"person-title\"><\/span><\/div><\/div><div class=\"person-content fusion-clearfix\">(+34) 93 302 02 24<br \/>\n<a href=\"mailto:departamentinternacional@politecnics.barcelona\">departamentinternacional@politecnics.barcelona<\/a><\/div><\/div><\/div><\/div><\/div><div class=\"fusion-layout-column fusion_builder_column fusion-builder-column-3 fusion_builder_column_1_1 1_1 fusion-flex-column\" style=\"--awb-bg-size:cover;--awb-width-large:100%;--awb-margin-top-large:30px;--awb-spacing-right-large:1.92%;--awb-margin-bottom-large:20px;--awb-spacing-left-large:1.92%;--awb-width-medium:100%;--awb-order-medium:0;--awb-spacing-right-medium:1.92%;--awb-spacing-left-medium:1.92%;--awb-width-small:100%;--awb-order-small:0;--awb-spacing-right-small:1.92%;--awb-spacing-left-small:1.92%;\"><div class=\"fusion-column-wrapper fusion-column-has-shadow fusion-flex-justify-content-flex-start fusion-content-layout-column\"><div class=\"fusion-image-element \" style=\"text-align:center;--awb-caption-title-font-family:var(--h2_typography-font-family);--awb-caption-title-font-weight:var(--h2_typography-font-weight);--awb-caption-title-font-style:var(--h2_typography-font-style);--awb-caption-title-size:var(--h2_typography-font-size);--awb-caption-title-transform:var(--h2_typography-text-transform);--awb-caption-title-line-height:var(--h2_typography-line-height);--awb-caption-title-letter-spacing:var(--h2_typography-letter-spacing);\"><span class=\" fusion-imageframe imageframe-none imageframe-1 hover-type-none\"><img decoding=\"async\" width=\"300\" height=\"69\" title=\"Cofinanciado por el programa Erasmus + de la Uni\u00f3nm Europea\" src=\"https:\/\/politecnics.barcelona\/wp-content\/uploads\/logo-europa-es.png\" alt class=\"img-responsive wp-image-5129\" srcset=\"https:\/\/politecnics.barcelona\/wp-content\/uploads\/logo-europa-es-200x46.png 200w, https:\/\/politecnics.barcelona\/wp-content\/uploads\/logo-europa-es.png 300w\" sizes=\"(max-width: 800px) 100vw, 300px\" \/><\/span><\/div><\/div><\/div><\/div><\/div>\n<\/p>\n","protected":false},"excerpt":{"rendered":"","protected":false},"author":1,"featured_media":0,"parent":568,"menu_order":0,"comment_status":"closed","ping_status":"closed","template":"","meta":{"_monsterinsights_skip_tracking":false,"_monsterinsights_sitenote_active":false,"_monsterinsights_sitenote_note":"","_monsterinsights_sitenote_category":0,"footnotes":""},"_links":{"self":[{"href":"https:\/\/politecnics.barcelona\/es\/wp-json\/wp\/v2\/pages\/930"}],"collection":[{"href":"https:\/\/politecnics.barcelona\/es\/wp-json\/wp\/v2\/pages"}],"about":[{"href":"https:\/\/politecnics.barcelona\/es\/wp-json\/wp\/v2\/types\/page"}],"author":[{"embeddable":true,"href":"https:\/\/politecnics.barcelona\/es\/wp-json\/wp\/v2\/users\/1"}],"replies":[{"embeddable":true,"href":"https:\/\/politecnics.barcelona\/es\/wp-json\/wp\/v2\/comments?post=930"}],"version-history":[{"count":14,"href":"https:\/\/politecnics.barcelona\/es\/wp-json\/wp\/v2\/pages\/930\/revisions"}],"predecessor-version":[{"id":5885,"href":"https:\/\/politecnics.barcelona\/es\/wp-json\/wp\/v2\/pages\/930\/revisions\/5885"}],"up":[{"embeddable":true,"href":"https:\/\/politecnics.barcelona\/es\/wp-json\/wp\/v2\/pages\/568"}],"wp:attachment":[{"href":"https:\/\/politecnics.barcelona\/es\/wp-json\/wp\/v2\/media?parent=930"}],"curies":[{"name":"wp","href":"https:\/\/api.w.org\/{rel}","templated":true}]}}